{"id":9093,"date":"2021-09-29T10:18:45","date_gmt":"2021-09-29T08:18:45","guid":{"rendered":"https:\/\/sundar.be\/product\/powder\/"},"modified":"2025-12-03T10:52:24","modified_gmt":"2025-12-03T09:52:24","slug":"powder","status":"publish","type":"product","link":"https:\/\/sundar.be\/fr\/produit\/powder\/","title":{"rendered":"LCN Powder"},"content":{"rendered":"<p><span style=\"color: #557e96;\"><strong>LCN Powder <\/strong><\/span>est une poudre professionnelle fine \u00e0 base de talc pur, utilis\u00e9e pour rendre visibles les poils fins, blonds ou duvet\u00e9s lors de l\u2019\u00e9pilation \u00e0 la cire. Elle absorbe l\u2019exc\u00e8s d\u2019humidit\u00e9, am\u00e9liore l\u2019adh\u00e9rence de la cire et permet aux poils d\u2019\u00eatre mieux envelopp\u00e9s. Le traitement \u00e0 la cire devient ainsi plus efficace, hygi\u00e9nique et confortable, surtout sur les zones chaudes ou l\u00e9g\u00e8rement humides.  <\/p>\n","protected":false},"excerpt":{"rendered":"<p data-start=\"671\" data-end=\"828\">Cette poudre professionnelle au talc rend les poils fins visibles et am\u00e9liore l\u2019adh\u00e9rence de la cire. Id\u00e9ale pour une \u00e9pilation pr\u00e9cise, confortable et efficace. <\/p>\n","protected":false},"featured_media":8516,"comment_status":"closed","ping_status":"closed","template":"","meta":{"_acf_changed":false},"product_brand":[],"product_cat":[4767,1584,5243],"product_tag":[2715],"class_list":{"0":"post-9093","1":"product","2":"type-product","3":"status-publish","4":"has-post-thumbnail","6":"product_cat-beaute","7":"product_cat-depilation","8":"product_cat-soin-pres-post-epilation","9":"product_tag-lcn-fr","11":"first","12":"instock","13":"taxable","14":"shipping-taxable","15":"product-type-simple"},"acf":[],"_links":{"self":[{"href":"https:\/\/sundar.be\/fr\/wp-json\/wp\/v2\/product\/9093","targetHints":{"allow":["GET"]}}],"collection":[{"href":"https:\/\/sundar.be\/fr\/wp-json\/wp\/v2\/product"}],"about":[{"href":"https:\/\/sundar.be\/fr\/wp-json\/wp\/v2\/types\/product"}],"replies":[{"embeddable":true,"href":"https:\/\/sundar.be\/fr\/wp-json\/wp\/v2\/comments?post=9093"}],"wp:featuredmedia":[{"embeddable":true,"href":"https:\/\/sundar.be\/fr\/wp-json\/wp\/v2\/media\/8516"}],"wp:attachment":[{"href":"https:\/\/sundar.be\/fr\/wp-json\/wp\/v2\/media?parent=9093"}],"wp:term":[{"taxonomy":"product_brand","embeddable":true,"href":"https:\/\/sundar.be\/fr\/wp-json\/wp\/v2\/product_brand?post=9093"},{"taxonomy":"product_cat","embeddable":true,"href":"https:\/\/sundar.be\/fr\/wp-json\/wp\/v2\/product_cat?post=9093"},{"taxonomy":"product_tag","embeddable":true,"href":"https:\/\/sundar.be\/fr\/wp-json\/wp\/v2\/product_tag?post=9093"}],"curies":[{"name":"wp","href":"https:\/\/api.w.org\/{rel}","templated":true}]}}