{"id":9092,"date":"2021-09-29T10:18:45","date_gmt":"2021-09-29T08:18:45","guid":{"rendered":"https:\/\/sundar.be\/product\/pre-wax-lotion-aloe-vera\/"},"modified":"2025-12-03T11:09:14","modified_gmt":"2025-12-03T10:09:14","slug":"pre-wax-lotion-aloe-vera","status":"publish","type":"product","link":"https:\/\/sundar.be\/fr\/produit\/pre-wax-lotion-aloe-vera\/","title":{"rendered":"LCN Pre Wax Lotion \u00ab\u00a0Aloe Vera\u00a0\u00bb 250ml"},"content":{"rendered":"<p><span style=\"color: #557e96;\"><strong>LCN Pre Wax Lotion \u00ab Aloe Vera \u00bb<\/strong><\/span> est une lotion rafra\u00eechissante et purifiante qui pr\u00e9pare parfaitement la peau \u00e0 toute s\u00e9ance d\u2019\u00e9pilation \u00e0 la cire. Elle nettoie, d\u00e9graisse et \u00e9limine impuret\u00e9s, maquillage et exc\u00e8s de s\u00e9bum afin d\u2019assurer une adh\u00e9rence optimale de la cire. L\u2019aloe vera, l\u2019extrait de th\u00e9 vert et l\u2019huile de citron calment et rafra\u00eechissent la peau, tandis que le camphre apporte un effet purifiant et rafra\u00eechissant. Le r\u00e9sultat : une peau propre, fra\u00eeche et parfaitement pr\u00eate pour une \u00e9pilation confortable et efficace.   <\/p>\n","protected":false},"excerpt":{"rendered":"<p>Cette lotion pr\u00e9-\u00e9pilation nettoie et rafra\u00eechit la peau en profondeur pour une adh\u00e9rence optimale de la cire. L\u2019aloe vera et le th\u00e9 vert apaisent la peau et r\u00e9duisent la sensibilit\u00e9 pendant l\u2019\u00e9pilation. <\/p>\n","protected":false},"featured_media":8514,"comment_status":"closed","ping_status":"closed","template":"","meta":{"_acf_changed":false},"product_brand":[],"product_cat":[4767,1584,5243],"product_tag":[2715],"class_list":{"0":"post-9092","1":"product","2":"type-product","3":"status-publish","4":"has-post-thumbnail","6":"product_cat-beaute","7":"product_cat-depilation","8":"product_cat-soin-pres-post-epilation","9":"product_tag-lcn-fr","11":"first","12":"instock","13":"taxable","14":"shipping-taxable","15":"product-type-simple"},"acf":[],"_links":{"self":[{"href":"https:\/\/sundar.be\/fr\/wp-json\/wp\/v2\/product\/9092","targetHints":{"allow":["GET"]}}],"collection":[{"href":"https:\/\/sundar.be\/fr\/wp-json\/wp\/v2\/product"}],"about":[{"href":"https:\/\/sundar.be\/fr\/wp-json\/wp\/v2\/types\/product"}],"replies":[{"embeddable":true,"href":"https:\/\/sundar.be\/fr\/wp-json\/wp\/v2\/comments?post=9092"}],"wp:featuredmedia":[{"embeddable":true,"href":"https:\/\/sundar.be\/fr\/wp-json\/wp\/v2\/media\/8514"}],"wp:attachment":[{"href":"https:\/\/sundar.be\/fr\/wp-json\/wp\/v2\/media?parent=9092"}],"wp:term":[{"taxonomy":"product_brand","embeddable":true,"href":"https:\/\/sundar.be\/fr\/wp-json\/wp\/v2\/product_brand?post=9092"},{"taxonomy":"product_cat","embeddable":true,"href":"https:\/\/sundar.be\/fr\/wp-json\/wp\/v2\/product_cat?post=9092"},{"taxonomy":"product_tag","embeddable":true,"href":"https:\/\/sundar.be\/fr\/wp-json\/wp\/v2\/product_tag?post=9092"}],"curies":[{"name":"wp","href":"https:\/\/api.w.org\/{rel}","templated":true}]}}