{"id":9090,"date":"2021-09-29T10:18:45","date_gmt":"2021-09-29T08:18:45","guid":{"rendered":"https:\/\/sundar.be\/product\/mini-heater-wax-beads\/"},"modified":"2025-12-16T14:48:41","modified_gmt":"2025-12-16T13:48:41","slug":"mini-heater-wax-beads","status":"publish","type":"product","link":"https:\/\/sundar.be\/fr\/produit\/mini-heater-wax-beads\/","title":{"rendered":"Chauffe-cire"},"content":{"rendered":"<p>Cette chauffe-cire est id\u00e9ale pour chauffer les perles de cire pour l\u2019\u00e9pilation. Cette chauffe-cire, avec un diam\u00e8tre int\u00e9rieur de 10,3 cm, convient au chauffage de la cire chaude en perles. Elle est \u00e9quip\u00e9e d\u2019un r\u00e9cipient int\u00e9rieur en aluminium amovible avec poign\u00e9e en plastique, d\u2019un grattoir \u00e0 spatule et d\u2019un r\u00e9gulateur de temp\u00e9rature.  <\/p>\n<p><strong>Dimensions:<\/strong> B 240 x H 235 x D 200 mm<\/p>\n<p>Avec r\u00e9gulateur de temp\u00e9rature.<\/p>\n","protected":false},"excerpt":{"rendered":"<p>Cette chauffe-cire est id\u00e9ale pour chauffer les perles de cire pour l\u2019\u00e9pilation. Cette chauffe-cire, avec un diam\u00e8tre int\u00e9rieur de 10,3 cm, convient au chauffage de la cire chaude en perles. Elle est \u00e9quip\u00e9e d\u2019un r\u00e9cipient int\u00e9rieur en aluminium amovible avec poign\u00e9e en plastique, d\u2019un grattoir \u00e0 spatule et d\u2019un r\u00e9gulateur de temp\u00e9rature. Dimensions: B 240 [&hellip;]<\/p>\n","protected":false},"featured_media":58353,"comment_status":"closed","ping_status":"closed","template":"","meta":{"_acf_changed":false},"product_brand":[],"product_cat":[4595,6164,4767,1584,4982,4972,5058],"product_tag":[2715],"class_list":{"0":"post-9090","1":"product","2":"type-product","3":"status-publish","4":"has-post-thumbnail","6":"product_cat-appareils-epilation","7":"product_cat-appareils-ionto","8":"product_cat-beaute","9":"product_cat-depilation","10":"product_cat-ionto-comed-fr","11":"product_cat-nos-marques","12":"product_cat-webshop-fr","13":"product_tag-lcn-fr","15":"first","16":"instock","17":"taxable","18":"shipping-taxable","19":"product-type-simple"},"acf":[],"_links":{"self":[{"href":"https:\/\/sundar.be\/fr\/wp-json\/wp\/v2\/product\/9090","targetHints":{"allow":["GET"]}}],"collection":[{"href":"https:\/\/sundar.be\/fr\/wp-json\/wp\/v2\/product"}],"about":[{"href":"https:\/\/sundar.be\/fr\/wp-json\/wp\/v2\/types\/product"}],"replies":[{"embeddable":true,"href":"https:\/\/sundar.be\/fr\/wp-json\/wp\/v2\/comments?post=9090"}],"wp:featuredmedia":[{"embeddable":true,"href":"https:\/\/sundar.be\/fr\/wp-json\/wp\/v2\/media\/58353"}],"wp:attachment":[{"href":"https:\/\/sundar.be\/fr\/wp-json\/wp\/v2\/media?parent=9090"}],"wp:term":[{"taxonomy":"product_brand","embeddable":true,"href":"https:\/\/sundar.be\/fr\/wp-json\/wp\/v2\/product_brand?post=9090"},{"taxonomy":"product_cat","embeddable":true,"href":"https:\/\/sundar.be\/fr\/wp-json\/wp\/v2\/product_cat?post=9090"},{"taxonomy":"product_tag","embeddable":true,"href":"https:\/\/sundar.be\/fr\/wp-json\/wp\/v2\/product_tag?post=9090"}],"curies":[{"name":"wp","href":"https:\/\/api.w.org\/{rel}","templated":true}]}}