{"id":9085,"date":"2021-09-29T10:18:45","date_gmt":"2021-09-29T08:18:45","guid":{"rendered":"https:\/\/sundar.be\/product\/wax-beads-goddess-body\/"},"modified":"2025-08-04T14:52:33","modified_gmt":"2025-08-04T12:52:33","slug":"wax-beads-goddess-body","status":"publish","type":"product","link":"https:\/\/sundar.be\/fr\/produit\/wax-beads-goddess-body\/","title":{"rendered":"Wax Beads Goddess Body"},"content":{"rendered":"<p>Les perles de cire Goddess Body en or sont id\u00e9ales pour l&rsquo;application sur de grandes surfaces en raison de leur souplesse et de leurs fortes propri\u00e9t\u00e9s de modelage.<\/p>\n","protected":false},"excerpt":{"rendered":"<p>Perles de cire pour les grandes surfaces du corps.<\/p>\n","protected":false},"featured_media":8501,"comment_status":"closed","ping_status":"closed","template":"","meta":{"_acf_changed":false},"product_brand":[],"product_cat":[4767,1584,5720,4601],"product_tag":[2715],"class_list":{"0":"post-9085","1":"product","2":"type-product","3":"status-publish","4":"has-post-thumbnail","6":"product_cat-beaute","7":"product_cat-depilation","8":"product_cat-epilation-resine-sucre","9":"product_cat-perles-de-cire","10":"product_tag-lcn-fr","12":"first","13":"instock","14":"taxable","15":"shipping-taxable","16":"product-type-simple"},"acf":[],"_links":{"self":[{"href":"https:\/\/sundar.be\/fr\/wp-json\/wp\/v2\/product\/9085","targetHints":{"allow":["GET"]}}],"collection":[{"href":"https:\/\/sundar.be\/fr\/wp-json\/wp\/v2\/product"}],"about":[{"href":"https:\/\/sundar.be\/fr\/wp-json\/wp\/v2\/types\/product"}],"replies":[{"embeddable":true,"href":"https:\/\/sundar.be\/fr\/wp-json\/wp\/v2\/comments?post=9085"}],"wp:featuredmedia":[{"embeddable":true,"href":"https:\/\/sundar.be\/fr\/wp-json\/wp\/v2\/media\/8501"}],"wp:attachment":[{"href":"https:\/\/sundar.be\/fr\/wp-json\/wp\/v2\/media?parent=9085"}],"wp:term":[{"taxonomy":"product_brand","embeddable":true,"href":"https:\/\/sundar.be\/fr\/wp-json\/wp\/v2\/product_brand?post=9085"},{"taxonomy":"product_cat","embeddable":true,"href":"https:\/\/sundar.be\/fr\/wp-json\/wp\/v2\/product_cat?post=9085"},{"taxonomy":"product_tag","embeddable":true,"href":"https:\/\/sundar.be\/fr\/wp-json\/wp\/v2\/product_tag?post=9085"}],"curies":[{"name":"wp","href":"https:\/\/api.w.org\/{rel}","templated":true}]}}