{"id":9083,"date":"2021-09-29T10:18:40","date_gmt":"2021-09-29T08:18:40","guid":{"rendered":"https:\/\/sundar.be\/product\/sugaring-starter-set\/"},"modified":"2025-11-24T11:34:39","modified_gmt":"2025-11-24T10:34:39","slug":"sugaring-starter-set","status":"publish","type":"product","link":"https:\/\/sundar.be\/fr\/produit\/sugaring-starter-set\/","title":{"rendered":"Sugaring Starter Set"},"content":{"rendered":"<p>Pour les d\u00e9butants en sugaring, nous avons compos\u00e9 un set de d\u00e9marrage pratique ! Le LCN Sugaring Starter Set contient tous les produits n\u00e9cessaires pour un traitement. Il comprend une unit\u00e9 de chauffage pour r\u00e9chauffer facilement les diff\u00e9rentes p\u00e2tes ainsi que tous les accessoires et produits de pr\u00e9- et post-traitement n\u00e9cessaires, tels que des gants en nitrile, une spatule et un nettoyant pour mat\u00e9riel de cire.  <\/p>\n<p>Contenu:<br \/>\n&#8211; Sugar Paste Standard 850 g<br \/>\n&#8211; Sugar Paste Soft 850 g<br \/>\n&#8211; Pre Wax Lotion Alo\u00eb Vera 250 ml<br \/>\n&#8211; SPA White Tea Cream 250 ml<br \/>\n&#8211; Anti Hair Growth Emulsion 250 ml<br \/>\n&#8211; Powder 150g<br \/>\n&#8211; Disposable Gloves (S) Pink 100 stuks \/ pcs.<br \/>\n&#8211; Spatulas for Depilation Big 100 stuks \/ pcs.<br \/>\n&#8211; Spatulas for Depilation Small 100 stuks\/ pcs.<br \/>\n&#8211; Heater Waxing &amp; Sugaring<br \/>\n&#8211; Wax Equipment Cleaner 500ml<br \/>\n&#8211; LCN Shopper Waxing &amp; Sugaring<\/p>\n","protected":false},"excerpt":{"rendered":"<p>Pour les d\u00e9butants en sugaring, nous avons compos\u00e9 un set de d\u00e9marrage pratique ! Le LCN Sugaring Starter Set contient tous les produits n\u00e9cessaires pour un traitement. Il comprend une unit\u00e9 de chauffage pour r\u00e9chauffer facilement les diff\u00e9rentes p\u00e2tes ainsi que tous les accessoires et produits de pr\u00e9- et post-traitement n\u00e9cessaires, tels que des gants [&hellip;]<\/p>\n","protected":false},"featured_media":29505,"comment_status":"closed","ping_status":"closed","template":"","meta":{"_acf_changed":false},"product_brand":[],"product_cat":[4767,1584,5734],"product_tag":[2715],"class_list":{"0":"post-9083","1":"product","2":"type-product","3":"status-publish","4":"has-post-thumbnail","6":"product_cat-beaute","7":"product_cat-depilation","8":"product_cat-kits-demarrage-epilation","9":"product_tag-lcn-fr","11":"first","12":"instock","13":"taxable","14":"shipping-taxable","15":"product-type-simple"},"acf":[],"_links":{"self":[{"href":"https:\/\/sundar.be\/fr\/wp-json\/wp\/v2\/product\/9083","targetHints":{"allow":["GET"]}}],"collection":[{"href":"https:\/\/sundar.be\/fr\/wp-json\/wp\/v2\/product"}],"about":[{"href":"https:\/\/sundar.be\/fr\/wp-json\/wp\/v2\/types\/product"}],"replies":[{"embeddable":true,"href":"https:\/\/sundar.be\/fr\/wp-json\/wp\/v2\/comments?post=9083"}],"wp:featuredmedia":[{"embeddable":true,"href":"https:\/\/sundar.be\/fr\/wp-json\/wp\/v2\/media\/29505"}],"wp:attachment":[{"href":"https:\/\/sundar.be\/fr\/wp-json\/wp\/v2\/media?parent=9083"}],"wp:term":[{"taxonomy":"product_brand","embeddable":true,"href":"https:\/\/sundar.be\/fr\/wp-json\/wp\/v2\/product_brand?post=9083"},{"taxonomy":"product_cat","embeddable":true,"href":"https:\/\/sundar.be\/fr\/wp-json\/wp\/v2\/product_cat?post=9083"},{"taxonomy":"product_tag","embeddable":true,"href":"https:\/\/sundar.be\/fr\/wp-json\/wp\/v2\/product_tag?post=9083"}],"curies":[{"name":"wp","href":"https:\/\/api.w.org\/{rel}","templated":true}]}}