{"id":9081,"date":"2021-09-29T10:18:40","date_gmt":"2021-09-29T08:18:40","guid":{"rendered":"https:\/\/sundar.be\/product\/sugar-paste-standard-750g\/"},"modified":"2025-08-04T14:54:25","modified_gmt":"2025-08-04T12:54:25","slug":"sugar-wax-standard-750g","status":"publish","type":"product","link":"https:\/\/sundar.be\/fr\/produit\/sugar-wax-standard-750g\/","title":{"rendered":"Sugar Wax \u00ab\u00a0Standard\u00a0\u00bb 850g"},"content":{"rendered":"<p>P\u00e2te \u00e0 sucre compos\u00e9e d&rsquo;ingr\u00e9dients 100 % naturels. Toutes les p\u00e2tes \u00e0 sucre LCN sont extr\u00eamement douces et respectueuses de la peau. Le LCN Sugarpaste Standard a une consistance tr\u00e8s ferme et convient parfaitement comme p\u00e2te \u00e0 sucre manuelle.<\/p>\n","protected":false},"excerpt":{"rendered":"<p>P\u00e2te \u00e0 sucre compos\u00e9e d&rsquo;ingr\u00e9dients 100 % naturels. Toutes les p\u00e2tes \u00e0 sucre LCN sont extr\u00eamement douces et respectueuses de la peau. Le LCN Sugarpaste Standard a une consistance tr\u00e8s ferme et convient parfaitement comme p\u00e2te \u00e0 sucre manuelle.<\/p>\n","protected":false},"featured_media":29502,"comment_status":"closed","ping_status":"closed","template":"","meta":{"_acf_changed":false},"product_brand":[],"product_cat":[4767,1584,5720,4603],"product_tag":[2715],"class_list":{"0":"post-9081","1":"product","2":"type-product","3":"status-publish","4":"has-post-thumbnail","6":"product_cat-beaute","7":"product_cat-depilation","8":"product_cat-epilation-resine-sucre","9":"product_cat-epilation-sucre","10":"product_tag-lcn-fr","12":"first","13":"instock","14":"taxable","15":"shipping-taxable","16":"product-type-simple"},"acf":[],"_links":{"self":[{"href":"https:\/\/sundar.be\/fr\/wp-json\/wp\/v2\/product\/9081","targetHints":{"allow":["GET"]}}],"collection":[{"href":"https:\/\/sundar.be\/fr\/wp-json\/wp\/v2\/product"}],"about":[{"href":"https:\/\/sundar.be\/fr\/wp-json\/wp\/v2\/types\/product"}],"replies":[{"embeddable":true,"href":"https:\/\/sundar.be\/fr\/wp-json\/wp\/v2\/comments?post=9081"}],"wp:featuredmedia":[{"embeddable":true,"href":"https:\/\/sundar.be\/fr\/wp-json\/wp\/v2\/media\/29502"}],"wp:attachment":[{"href":"https:\/\/sundar.be\/fr\/wp-json\/wp\/v2\/media?parent=9081"}],"wp:term":[{"taxonomy":"product_brand","embeddable":true,"href":"https:\/\/sundar.be\/fr\/wp-json\/wp\/v2\/product_brand?post=9081"},{"taxonomy":"product_cat","embeddable":true,"href":"https:\/\/sundar.be\/fr\/wp-json\/wp\/v2\/product_cat?post=9081"},{"taxonomy":"product_tag","embeddable":true,"href":"https:\/\/sundar.be\/fr\/wp-json\/wp\/v2\/product_tag?post=9081"}],"curies":[{"name":"wp","href":"https:\/\/api.w.org\/{rel}","templated":true}]}}