{"id":9077,"date":"2021-09-29T10:18:40","date_gmt":"2021-09-29T08:18:40","guid":{"rendered":"https:\/\/sundar.be\/product\/microderm-skin-expert\/"},"modified":"2025-12-11T11:04:41","modified_gmt":"2025-12-11T10:04:41","slug":"microderm-skin-expert","status":"publish","type":"product","link":"https:\/\/sundar.be\/fr\/produit\/microderm-skin-expert\/","title":{"rendered":"Monteil Microderm Skin Expert"},"content":{"rendered":"<p>La microdermabrasion est une m\u00e9thode de traitement douce et efficace pour am\u00e9liorer l&rsquo;\u00e9lasticit\u00e9 et la structure de la peau.<br \/>\nLe r\u00e9sultat est visible d\u00e8s la premi\u00e8re s\u00e9ance : la peau para\u00eet plus jeune et uniforme gr\u00e2ce \u00e0 son effet liftant. Les embouts diamant\u00e9s \u00e9liminent d\u00e9licatement les cellules mortes de la peau, couche par couche. Cela stimule le m\u00e9tabolisme cellulaire et permet \u00e0 la peau de mieux absorber les ingr\u00e9dients actifs.<\/p>\n","protected":false},"excerpt":{"rendered":"<p>Le Monteil Microderm Skin Expert est une unit\u00e9 pratique de microdermabrasion, id\u00e9ale pour une utilisation \u00e0 domicile ou en studio.<\/p>\n","protected":false},"featured_media":54806,"comment_status":"closed","ping_status":"closed","template":"","meta":{"_acf_changed":false},"product_brand":[],"product_cat":[2800,2683],"product_tag":[2715],"class_list":{"0":"post-9077","1":"product","2":"type-product","3":"status-publish","4":"has-post-thumbnail","6":"product_cat-monteil-appareils","7":"product_cat-monteil-fr","8":"product_tag-lcn-fr","10":"first","11":"instock","12":"taxable","13":"shipping-taxable","14":"product-type-simple"},"acf":[],"_links":{"self":[{"href":"https:\/\/sundar.be\/fr\/wp-json\/wp\/v2\/product\/9077","targetHints":{"allow":["GET"]}}],"collection":[{"href":"https:\/\/sundar.be\/fr\/wp-json\/wp\/v2\/product"}],"about":[{"href":"https:\/\/sundar.be\/fr\/wp-json\/wp\/v2\/types\/product"}],"replies":[{"embeddable":true,"href":"https:\/\/sundar.be\/fr\/wp-json\/wp\/v2\/comments?post=9077"}],"wp:featuredmedia":[{"embeddable":true,"href":"https:\/\/sundar.be\/fr\/wp-json\/wp\/v2\/media\/54806"}],"wp:attachment":[{"href":"https:\/\/sundar.be\/fr\/wp-json\/wp\/v2\/media?parent=9077"}],"wp:term":[{"taxonomy":"product_brand","embeddable":true,"href":"https:\/\/sundar.be\/fr\/wp-json\/wp\/v2\/product_brand?post=9077"},{"taxonomy":"product_cat","embeddable":true,"href":"https:\/\/sundar.be\/fr\/wp-json\/wp\/v2\/product_cat?post=9077"},{"taxonomy":"product_tag","embeddable":true,"href":"https:\/\/sundar.be\/fr\/wp-json\/wp\/v2\/product_tag?post=9077"}],"curies":[{"name":"wp","href":"https:\/\/api.w.org\/{rel}","templated":true}]}}