{"id":9076,"date":"2021-09-29T10:18:40","date_gmt":"2021-09-29T08:18:40","guid":{"rendered":"https:\/\/sundar.be\/product\/nano-needling-attachment-square\/"},"modified":"2025-11-25T15:33:23","modified_gmt":"2025-11-25T14:33:23","slug":"nano-needling-attachment-square","status":"publish","type":"product","link":"https:\/\/sundar.be\/fr\/produit\/nano-needling-attachment-square\/","title":{"rendered":"LCN Nano Needling Attachment Square"},"content":{"rendered":"<p>Le Nano-Needling Bit Square est un accessoire de nano-aiguillage pour le 2in1 artist pen et le Mobile Needling Pen. L&#8217;embout carr\u00e9 convient aux l\u00e8vres. La nano-aiguille est utilis\u00e9e pour am\u00e9liorer la surface de la peau et, en combinaison avec la micro-aiguille, elle permet d&rsquo;obtenir des r\u00e9sultats anti-\u00e2ge parfaits.<\/p>\n<p>&nbsp;<\/p>\n","protected":false},"excerpt":{"rendered":"<p>Attachement nano carr\u00e9 pour le 2in1 Artist Pen et le Mobile Needling Pen.<\/p>\n","protected":false},"featured_media":8483,"comment_status":"closed","ping_status":"closed","template":"","meta":{"_acf_changed":false},"product_brand":[],"product_cat":[2187,4936],"product_tag":[2715],"class_list":{"0":"post-9076","1":"product","2":"type-product","3":"status-publish","4":"has-post-thumbnail","6":"product_cat-even-skin-glow-fr-fr","7":"product_cat-lcn-fr","8":"product_tag-lcn-fr","10":"first","11":"instock","12":"taxable","13":"shipping-taxable","14":"product-type-simple"},"acf":[],"_links":{"self":[{"href":"https:\/\/sundar.be\/fr\/wp-json\/wp\/v2\/product\/9076","targetHints":{"allow":["GET"]}}],"collection":[{"href":"https:\/\/sundar.be\/fr\/wp-json\/wp\/v2\/product"}],"about":[{"href":"https:\/\/sundar.be\/fr\/wp-json\/wp\/v2\/types\/product"}],"replies":[{"embeddable":true,"href":"https:\/\/sundar.be\/fr\/wp-json\/wp\/v2\/comments?post=9076"}],"wp:featuredmedia":[{"embeddable":true,"href":"https:\/\/sundar.be\/fr\/wp-json\/wp\/v2\/media\/8483"}],"wp:attachment":[{"href":"https:\/\/sundar.be\/fr\/wp-json\/wp\/v2\/media?parent=9076"}],"wp:term":[{"taxonomy":"product_brand","embeddable":true,"href":"https:\/\/sundar.be\/fr\/wp-json\/wp\/v2\/product_brand?post=9076"},{"taxonomy":"product_cat","embeddable":true,"href":"https:\/\/sundar.be\/fr\/wp-json\/wp\/v2\/product_cat?post=9076"},{"taxonomy":"product_tag","embeddable":true,"href":"https:\/\/sundar.be\/fr\/wp-json\/wp\/v2\/product_tag?post=9076"}],"curies":[{"name":"wp","href":"https:\/\/api.w.org\/{rel}","templated":true}]}}