{"id":9024,"date":"2021-09-29T10:18:35","date_gmt":"2021-09-29T08:18:35","guid":{"rendered":"https:\/\/sundar.be\/product\/hygienic-paper-mat\/"},"modified":"2025-11-25T16:22:14","modified_gmt":"2025-11-25T15:22:14","slug":"hygienic-paper-mat","status":"publish","type":"product","link":"https:\/\/sundar.be\/fr\/produit\/hygienic-paper-mat\/","title":{"rendered":"LCN Hygienic Paper Mat"},"content":{"rendered":"<p>Nos prot\u00e8ges-table en papier offrent une surface de travail optimale et prot\u00e8gent contre les salissures.<br \/>\n50 pi\u00e8ces<\/p>\n","protected":false},"excerpt":{"rendered":"<p>Nos prot\u00e8ges-table en papier offrent une surface de travail optimale et prot\u00e8gent contre les salissures. 50 pi\u00e8ces<\/p>\n","protected":false},"featured_media":8380,"comment_status":"closed","ping_status":"closed","template":"","meta":{"_acf_changed":false},"product_brand":[],"product_cat":[1446,4765,4755,4137,1427],"product_tag":[2715],"class_list":{"0":"post-9024","1":"product","2":"type-product","3":"status-publish","4":"has-post-thumbnail","6":"product_cat-hygiene-desinfection-fr","7":"product_cat-matriel-de-pratique","8":"product_cat-pedicure","9":"product_cat-nettoyage-produits-usage-unique","10":"product_cat-lcn-soin-de-pieds","11":"product_tag-lcn-fr","13":"first","14":"instock","15":"taxable","16":"shipping-taxable","17":"product-type-simple"},"acf":[],"_links":{"self":[{"href":"https:\/\/sundar.be\/fr\/wp-json\/wp\/v2\/product\/9024","targetHints":{"allow":["GET"]}}],"collection":[{"href":"https:\/\/sundar.be\/fr\/wp-json\/wp\/v2\/product"}],"about":[{"href":"https:\/\/sundar.be\/fr\/wp-json\/wp\/v2\/types\/product"}],"replies":[{"embeddable":true,"href":"https:\/\/sundar.be\/fr\/wp-json\/wp\/v2\/comments?post=9024"}],"wp:featuredmedia":[{"embeddable":true,"href":"https:\/\/sundar.be\/fr\/wp-json\/wp\/v2\/media\/8380"}],"wp:attachment":[{"href":"https:\/\/sundar.be\/fr\/wp-json\/wp\/v2\/media?parent=9024"}],"wp:term":[{"taxonomy":"product_brand","embeddable":true,"href":"https:\/\/sundar.be\/fr\/wp-json\/wp\/v2\/product_brand?post=9024"},{"taxonomy":"product_cat","embeddable":true,"href":"https:\/\/sundar.be\/fr\/wp-json\/wp\/v2\/product_cat?post=9024"},{"taxonomy":"product_tag","embeddable":true,"href":"https:\/\/sundar.be\/fr\/wp-json\/wp\/v2\/product_tag?post=9024"}],"curies":[{"name":"wp","href":"https:\/\/api.w.org\/{rel}","templated":true}]}}