{"id":9017,"date":"2021-09-29T10:18:33","date_gmt":"2021-09-29T08:18:33","guid":{"rendered":"https:\/\/sundar.be\/product\/curette\/"},"modified":"2025-11-25T16:21:15","modified_gmt":"2025-11-25T15:21:15","slug":"curette","status":"publish","type":"product","link":"https:\/\/sundar.be\/fr\/produit\/curette\/","title":{"rendered":"LCN Curette"},"content":{"rendered":"<p>La curette sert \u00e0 repousser d\u00e9licatement les cuticules, apr\u00e8s quoi vous pouvez les couper \u00e0 l&rsquo;aide d&rsquo;une <a href=\"https:\/\/sundar.be\/product\/cuticle-nipper-10cm\/\"><strong>coupeuse<\/strong><\/a> de peau ou les limer \u00e0 l&rsquo;aide <a href=\"https:\/\/sundar.be\/product\/cuticle-diamond-drill-large\/\"><strong>d&rsquo;une lime \u00e0 cuticules<\/strong><\/a>. Pour repousser facilement les cuticules, vous pouvez d&rsquo;abord appliquer le <a href=\"https:\/\/sundar.be\/fr\/produit\/cuticle-softener\/\"><strong>Adoucisseur de cuticules<\/strong><\/a> Appliquez-le.<\/p>\n","protected":false},"excerpt":{"rendered":"<p>Outil pour repousser d\u00e9licatement les cuticules.<\/p>\n","protected":false},"featured_media":8366,"comment_status":"closed","ping_status":"closed","template":"","meta":{"_acf_changed":false},"product_brand":[],"product_cat":[4656,5008,1532,5014,4761],"product_tag":[2715],"class_list":{"0":"post-9017","1":"product","2":"type-product","3":"status-publish","4":"has-post-thumbnail","6":"product_cat-instruments-manucure","7":"product_cat-manucure-materiel-manucure","8":"product_cat-materiels","9":"product_cat-pose-ongles-outils-manucure","10":"product_cat-pose-ongles","11":"product_tag-lcn-fr","13":"first","14":"instock","15":"taxable","16":"shipping-taxable","17":"product-type-simple"},"acf":[],"_links":{"self":[{"href":"https:\/\/sundar.be\/fr\/wp-json\/wp\/v2\/product\/9017","targetHints":{"allow":["GET"]}}],"collection":[{"href":"https:\/\/sundar.be\/fr\/wp-json\/wp\/v2\/product"}],"about":[{"href":"https:\/\/sundar.be\/fr\/wp-json\/wp\/v2\/types\/product"}],"replies":[{"embeddable":true,"href":"https:\/\/sundar.be\/fr\/wp-json\/wp\/v2\/comments?post=9017"}],"wp:featuredmedia":[{"embeddable":true,"href":"https:\/\/sundar.be\/fr\/wp-json\/wp\/v2\/media\/8366"}],"wp:attachment":[{"href":"https:\/\/sundar.be\/fr\/wp-json\/wp\/v2\/media?parent=9017"}],"wp:term":[{"taxonomy":"product_brand","embeddable":true,"href":"https:\/\/sundar.be\/fr\/wp-json\/wp\/v2\/product_brand?post=9017"},{"taxonomy":"product_cat","embeddable":true,"href":"https:\/\/sundar.be\/fr\/wp-json\/wp\/v2\/product_cat?post=9017"},{"taxonomy":"product_tag","embeddable":true,"href":"https:\/\/sundar.be\/fr\/wp-json\/wp\/v2\/product_tag?post=9017"}],"curies":[{"name":"wp","href":"https:\/\/api.w.org\/{rel}","templated":true}]}}