{"id":9014,"date":"2021-09-29T10:18:33","date_gmt":"2021-09-29T08:18:33","guid":{"rendered":"https:\/\/sundar.be\/product\/citrus-fresh-up-spray-110ml\/"},"modified":"2025-11-25T15:35:19","modified_gmt":"2025-11-25T14:35:19","slug":"citrus-fresh-up-spray-110ml","status":"publish","type":"product","link":"https:\/\/sundar.be\/fr\/produit\/citrus-fresh-up-spray-110ml\/","title":{"rendered":"LCN Citrus Fresh Up Spray, 100ml"},"content":{"rendered":"<p aria-level=\"1\"><span style=\"color: #d4b925;\"><strong>Citrus Fresh Up Spray<\/strong><\/span> est un spray rafra\u00eechissant et hydratant pour les pieds qui procure instantan\u00e9ment une sensation de fra\u00eecheur, de confort et de l\u00e9g\u00e8ret\u00e9. Sa formule l\u00e9g\u00e8re associe des ingr\u00e9dients hydratants \u00e0 des extraits v\u00e9g\u00e9taux revitalisants et \u00e0 un parfum d\u2019agrumes, aidant \u00e0 r\u00e9duire les odeurs de pieds et \u00e0 tonifier la peau.<\/p>\n<p>&nbsp;<\/p>\n","protected":false},"excerpt":{"rendered":"<p>Citrus Fresh Up Spray rafra\u00eechit et apaise imm\u00e9diatement les pieds tout en hydratant et en nourrissant la peau. Le spray offre un confort durable et une agr\u00e9able sensation de fra\u00eecheur \u2014 id\u00e9al pour un usage quotidien.<\/p>\n","protected":false},"featured_media":37103,"comment_status":"closed","ping_status":"closed","template":"","meta":{"_acf_changed":false},"product_brand":[],"product_cat":[4997,3135,4936,4755,1427,4907,4996],"product_tag":[2715],"class_list":{"0":"post-9014","1":"product","2":"type-product","3":"status-publish","4":"has-post-thumbnail","6":"product_cat-anti-transpirants","7":"product_cat-lcn-soins-pieds-citrus-ginger","8":"product_cat-lcn-fr","9":"product_cat-pedicure","10":"product_cat-lcn-soin-de-pieds","11":"product_cat-soins","12":"product_cat-soins-quotidiens-des-pieds","13":"product_tag-lcn-fr","15":"first","16":"instock","17":"taxable","18":"shipping-taxable","19":"product-type-simple"},"acf":[],"_links":{"self":[{"href":"https:\/\/sundar.be\/fr\/wp-json\/wp\/v2\/product\/9014","targetHints":{"allow":["GET"]}}],"collection":[{"href":"https:\/\/sundar.be\/fr\/wp-json\/wp\/v2\/product"}],"about":[{"href":"https:\/\/sundar.be\/fr\/wp-json\/wp\/v2\/types\/product"}],"replies":[{"embeddable":true,"href":"https:\/\/sundar.be\/fr\/wp-json\/wp\/v2\/comments?post=9014"}],"wp:featuredmedia":[{"embeddable":true,"href":"https:\/\/sundar.be\/fr\/wp-json\/wp\/v2\/media\/37103"}],"wp:attachment":[{"href":"https:\/\/sundar.be\/fr\/wp-json\/wp\/v2\/media?parent=9014"}],"wp:term":[{"taxonomy":"product_brand","embeddable":true,"href":"https:\/\/sundar.be\/fr\/wp-json\/wp\/v2\/product_brand?post=9014"},{"taxonomy":"product_cat","embeddable":true,"href":"https:\/\/sundar.be\/fr\/wp-json\/wp\/v2\/product_cat?post=9014"},{"taxonomy":"product_tag","embeddable":true,"href":"https:\/\/sundar.be\/fr\/wp-json\/wp\/v2\/product_tag?post=9014"}],"curies":[{"name":"wp","href":"https:\/\/api.w.org\/{rel}","templated":true}]}}