{"id":9010,"date":"2021-09-29T10:18:33","date_gmt":"2021-09-29T08:18:33","guid":{"rendered":"https:\/\/sundar.be\/product\/urea-40-chapped-skin-balm\/"},"modified":"2025-11-25T16:19:47","modified_gmt":"2025-11-25T15:19:47","slug":"urea-40-chapped-skin-balm","status":"publish","type":"product","link":"https:\/\/sundar.be\/fr\/produit\/urea-40-chapped-skin-balm\/","title":{"rendered":"LCN Urea 40% Chapped Skin Balm, 50ml"},"content":{"rendered":"<p>Le <span style=\"color: #90bece;\"><strong>Urea 40% Chapped Skin Balm<\/strong><\/span>, un baume de type pommade contenant 40 % d\u2019ur\u00e9e, r\u00e9duit les callosit\u00e9s tr\u00e8s rapidement et efficacement gr\u00e2ce aux acides de fruits. En outre, le panth\u00e9nol, la cire d&rsquo;abeille nourrissante et la sauge anti-inflammatoire ont des effets apaisants.<\/p>\n<p>&nbsp;<\/p>\n","protected":false},"excerpt":{"rendered":"<p>Baume pour les pieds avec 40% d&rsquo;ur\u00e9e.<\/p>\n","protected":false},"featured_media":37434,"comment_status":"closed","ping_status":"closed","template":"","meta":{"_acf_changed":false},"product_brand":[],"product_cat":[5000,4936,4755,1427,4999,4907,1438],"product_tag":[2715],"class_list":{"0":"post-9010","1":"product","2":"type-product","3":"status-publish","4":"has-post-thumbnail","6":"product_cat-callosites-crevasses","7":"product_cat-lcn-fr","8":"product_cat-pedicure","9":"product_cat-lcn-soin-de-pieds","10":"product_cat-soins-specifique-pieds","11":"product_cat-soins","12":"product_cat-soins-des-pieds-urea","13":"product_tag-lcn-fr","15":"first","16":"instock","17":"taxable","18":"shipping-taxable","19":"product-type-simple"},"acf":[],"_links":{"self":[{"href":"https:\/\/sundar.be\/fr\/wp-json\/wp\/v2\/product\/9010","targetHints":{"allow":["GET"]}}],"collection":[{"href":"https:\/\/sundar.be\/fr\/wp-json\/wp\/v2\/product"}],"about":[{"href":"https:\/\/sundar.be\/fr\/wp-json\/wp\/v2\/types\/product"}],"replies":[{"embeddable":true,"href":"https:\/\/sundar.be\/fr\/wp-json\/wp\/v2\/comments?post=9010"}],"wp:featuredmedia":[{"embeddable":true,"href":"https:\/\/sundar.be\/fr\/wp-json\/wp\/v2\/media\/37434"}],"wp:attachment":[{"href":"https:\/\/sundar.be\/fr\/wp-json\/wp\/v2\/media?parent=9010"}],"wp:term":[{"taxonomy":"product_brand","embeddable":true,"href":"https:\/\/sundar.be\/fr\/wp-json\/wp\/v2\/product_brand?post=9010"},{"taxonomy":"product_cat","embeddable":true,"href":"https:\/\/sundar.be\/fr\/wp-json\/wp\/v2\/product_cat?post=9010"},{"taxonomy":"product_tag","embeddable":true,"href":"https:\/\/sundar.be\/fr\/wp-json\/wp\/v2\/product_tag?post=9010"}],"curies":[{"name":"wp","href":"https:\/\/api.w.org\/{rel}","templated":true}]}}