{"id":9007,"date":"2021-09-29T10:18:33","date_gmt":"2021-09-29T08:18:33","guid":{"rendered":"https:\/\/sundar.be\/product\/soak-spray\/"},"modified":"2025-11-25T16:20:35","modified_gmt":"2025-11-25T15:20:35","slug":"soak-spray","status":"publish","type":"product","link":"https:\/\/sundar.be\/fr\/produit\/soak-spray\/","title":{"rendered":"LCN Soak Spray, 50ml"},"content":{"rendered":"<p><span style=\"color: #466b69;\"><strong>Soak Spray<\/strong><\/span> est un spray assouplissant et hydratant qui aide imm\u00e9diatement \u00e0 rendre la peau dure, s\u00e8che ou sensible plus douce et plus souple. Sa formule l\u00e9g\u00e8re p\u00e9n\u00e8tre rapidement et est id\u00e9ale en pr\u00e9paration d\u2019un soin des pieds ou de l\u2019\u00e9limination des callosit\u00e9s, mais \u00e9galement comme soin adoucissant pour un usage quotidien. <\/p>\n<h2><\/h2>\n<p>&nbsp;<\/p>\n","protected":false},"excerpt":{"rendered":"<p>Soak Spray assouplit intens\u00e9ment la peau et permet de rendre les zones dures et s\u00e8ches plus souples en peu de temps. Le spray hydrate, apaise et soutient la r\u00e9g\u00e9n\u00e9ration naturelle de la peau \u2014 sans rin\u00e7age et sans laisser de film collant. <\/p>\n","protected":false},"featured_media":8346,"comment_status":"closed","ping_status":"closed","template":"","meta":{"_acf_changed":false},"product_brand":[],"product_cat":[4936,5001,4755,1436,5002,1427,4907],"product_tag":[2715],"class_list":{"0":"post-9007","1":"product","2":"type-product","3":"status-publish","4":"has-post-thumbnail","6":"product_cat-lcn-fr","7":"product_cat-outils-pedicure","8":"product_cat-pedicure","9":"product_cat-produits-speciaux","10":"product_cat-ramollisseurs-callosites","11":"product_cat-lcn-soin-de-pieds","12":"product_cat-soins","13":"product_tag-lcn-fr","15":"first","16":"instock","17":"taxable","18":"shipping-taxable","19":"product-type-simple"},"acf":[],"_links":{"self":[{"href":"https:\/\/sundar.be\/fr\/wp-json\/wp\/v2\/product\/9007","targetHints":{"allow":["GET"]}}],"collection":[{"href":"https:\/\/sundar.be\/fr\/wp-json\/wp\/v2\/product"}],"about":[{"href":"https:\/\/sundar.be\/fr\/wp-json\/wp\/v2\/types\/product"}],"replies":[{"embeddable":true,"href":"https:\/\/sundar.be\/fr\/wp-json\/wp\/v2\/comments?post=9007"}],"wp:featuredmedia":[{"embeddable":true,"href":"https:\/\/sundar.be\/fr\/wp-json\/wp\/v2\/media\/8346"}],"wp:attachment":[{"href":"https:\/\/sundar.be\/fr\/wp-json\/wp\/v2\/media?parent=9007"}],"wp:term":[{"taxonomy":"product_brand","embeddable":true,"href":"https:\/\/sundar.be\/fr\/wp-json\/wp\/v2\/product_brand?post=9007"},{"taxonomy":"product_cat","embeddable":true,"href":"https:\/\/sundar.be\/fr\/wp-json\/wp\/v2\/product_cat?post=9007"},{"taxonomy":"product_tag","embeddable":true,"href":"https:\/\/sundar.be\/fr\/wp-json\/wp\/v2\/product_tag?post=9007"}],"curies":[{"name":"wp","href":"https:\/\/api.w.org\/{rel}","templated":true}]}}