{"id":9004,"date":"2021-09-29T10:18:31","date_gmt":"2021-09-29T08:18:31","guid":{"rendered":"https:\/\/sundar.be\/product\/buzzz-foot-butter-200ml\/"},"modified":"2025-11-25T16:17:11","modified_gmt":"2025-11-25T15:17:11","slug":"buzzz-foot-butter-200ml","status":"publish","type":"product","link":"https:\/\/sundar.be\/fr\/produit\/buzzz-foot-butter-200ml\/","title":{"rendered":"LCN Buzzz Natural Honey Rich Skin Butter"},"content":{"rendered":"<p data-start=\"83\" data-end=\"476\"><strong>Buzzz Natural Honey Rich Skin Butter<\/strong> est une cr\u00e8me riche et r\u00e9paratrice pour les pieds qui nourrit intens\u00e9ment et prot\u00e8ge durablement la peau s\u00e8che et rugueuse. Sa formule associe la puissance du miel, des beurres v\u00e9g\u00e9taux nourrissants et de l\u2019ur\u00e9e pour adoucir, hydrater et favoriser la r\u00e9paration cutan\u00e9e \u2014 id\u00e9ale pour les pieds n\u00e9cessitant un soin renforc\u00e9. <\/p>\n<p>&nbsp;<\/p>\n","protected":false},"excerpt":{"rendered":"<p>Buzzz Natural Honey Rich Skin Butter hydrate et assouplit m\u00eame les pieds tr\u00e8s secs tout en restaurant la barri\u00e8re cutan\u00e9e pour un confort longue dur\u00e9e. Sa texture cr\u00e9meuse nourrit en profondeur et rend la peau imm\u00e9diatement plus douce et plus souple. <\/p>\n","protected":false},"featured_media":37806,"comment_status":"closed","ping_status":"closed","template":"","meta":{"_acf_changed":false},"product_brand":[],"product_cat":[4998,1432,4755,1427,4996],"product_tag":[2715],"class_list":{"0":"post-9004","1":"product","2":"type-product","3":"status-publish","4":"has-post-thumbnail","6":"product_cat-cremes-lotions-pieds","7":"product_cat-cremes-pour-les-pieds","8":"product_cat-pedicure","9":"product_cat-lcn-soin-de-pieds","10":"product_cat-soins-quotidiens-des-pieds","11":"product_tag-lcn-fr","12":"pa_inhoud-250-ml-fr","13":"pa_inhoud-50ml-fr","15":"first","16":"instock","17":"taxable","18":"shipping-taxable","19":"product-type-variable"},"acf":[],"_links":{"self":[{"href":"https:\/\/sundar.be\/fr\/wp-json\/wp\/v2\/product\/9004","targetHints":{"allow":["GET"]}}],"collection":[{"href":"https:\/\/sundar.be\/fr\/wp-json\/wp\/v2\/product"}],"about":[{"href":"https:\/\/sundar.be\/fr\/wp-json\/wp\/v2\/types\/product"}],"replies":[{"embeddable":true,"href":"https:\/\/sundar.be\/fr\/wp-json\/wp\/v2\/comments?post=9004"}],"wp:featuredmedia":[{"embeddable":true,"href":"https:\/\/sundar.be\/fr\/wp-json\/wp\/v2\/media\/37806"}],"wp:attachment":[{"href":"https:\/\/sundar.be\/fr\/wp-json\/wp\/v2\/media?parent=9004"}],"wp:term":[{"taxonomy":"product_brand","embeddable":true,"href":"https:\/\/sundar.be\/fr\/wp-json\/wp\/v2\/product_brand?post=9004"},{"taxonomy":"product_cat","embeddable":true,"href":"https:\/\/sundar.be\/fr\/wp-json\/wp\/v2\/product_cat?post=9004"},{"taxonomy":"product_tag","embeddable":true,"href":"https:\/\/sundar.be\/fr\/wp-json\/wp\/v2\/product_tag?post=9004"}],"curies":[{"name":"wp","href":"https:\/\/api.w.org\/{rel}","templated":true}]}}