{"id":8998,"date":"2021-09-29T10:18:31","date_gmt":"2021-09-29T08:18:31","guid":{"rendered":"https:\/\/sundar.be\/product\/foot-colour-base-gel-8ml\/"},"modified":"2025-11-25T16:19:01","modified_gmt":"2025-11-25T15:19:01","slug":"foot-colour-base-gel-8ml","status":"publish","type":"product","link":"https:\/\/sundar.be\/fr\/produit\/foot-colour-base-gel-8ml\/","title":{"rendered":"LCN Foot Colour Base Gel 8ml"},"content":{"rendered":"<p>Gel flexible \u00e0 base d&rsquo;UV sp\u00e9cialement con\u00e7u pour les ongles de pied avec de la Piroctone Olamine. La base parfaite pour les syst\u00e8mes de couleurs LCN.<\/p>\n<p>&nbsp;<\/p>\n","protected":false},"excerpt":{"rendered":"<p>Gel flexible \u00e0 base d&rsquo;UV sp\u00e9cialement con\u00e7u pour les ongles de pied avec de la Piroctone Olamine.<\/p>\n","protected":false},"featured_media":8328,"comment_status":"closed","ping_status":"closed","template":"","meta":{"_acf_changed":false},"product_brand":[],"product_cat":[6197,4951,4936,4949,4755,1427],"product_tag":[2715],"class_list":{"0":"post-8998","1":"product","2":"type-product","3":"status-publish","4":"has-post-thumbnail","6":"product_cat-lcn-ongles-artificielles-gels-uv-pieds","7":"product_cat-lcn-ongles-artificiels-gels-uv-premium","8":"product_cat-lcn-fr","9":"product_cat-lcn-ongles-artificiels","10":"product_cat-pedicure","11":"product_cat-lcn-soin-de-pieds","12":"product_tag-lcn-fr","14":"first","15":"instock","16":"taxable","17":"shipping-taxable","18":"product-type-simple"},"acf":[],"_links":{"self":[{"href":"https:\/\/sundar.be\/fr\/wp-json\/wp\/v2\/product\/8998","targetHints":{"allow":["GET"]}}],"collection":[{"href":"https:\/\/sundar.be\/fr\/wp-json\/wp\/v2\/product"}],"about":[{"href":"https:\/\/sundar.be\/fr\/wp-json\/wp\/v2\/types\/product"}],"replies":[{"embeddable":true,"href":"https:\/\/sundar.be\/fr\/wp-json\/wp\/v2\/comments?post=8998"}],"wp:featuredmedia":[{"embeddable":true,"href":"https:\/\/sundar.be\/fr\/wp-json\/wp\/v2\/media\/8328"}],"wp:attachment":[{"href":"https:\/\/sundar.be\/fr\/wp-json\/wp\/v2\/media?parent=8998"}],"wp:term":[{"taxonomy":"product_brand","embeddable":true,"href":"https:\/\/sundar.be\/fr\/wp-json\/wp\/v2\/product_brand?post=8998"},{"taxonomy":"product_cat","embeddable":true,"href":"https:\/\/sundar.be\/fr\/wp-json\/wp\/v2\/product_cat?post=8998"},{"taxonomy":"product_tag","embeddable":true,"href":"https:\/\/sundar.be\/fr\/wp-json\/wp\/v2\/product_tag?post=8998"}],"curies":[{"name":"wp","href":"https:\/\/api.w.org\/{rel}","templated":true}]}}