{"id":8991,"date":"2021-09-29T10:18:31","date_gmt":"2021-09-29T08:18:31","guid":{"rendered":"https:\/\/sundar.be\/product\/natural-care-system\/"},"modified":"2025-11-25T16:15:14","modified_gmt":"2025-11-25T15:15:14","slug":"natural-care-system","status":"publish","type":"product","link":"https:\/\/sundar.be\/fr\/produit\/natural-care-system\/","title":{"rendered":"LCN Natural Care System"},"content":{"rendered":"<p>Natural Care scelle l&rsquo;ongle naturel et prot\u00e8ge la surface contre les influences environnementales. Natural Care est appliqu\u00e9 sur la plaque de l&rsquo;ongle. Les substances soignantes se retrouvent ainsi dans la plaque de l&rsquo;ongle, y p\u00e9n\u00e8trent et les principes actifs peuvent agir.<\/p>\n<p><strong>Contenu:<\/strong><\/p>\n<ul>\n<li>Natural Care Cream, 15 ml<\/li>\n<li>Lime \u00e0 polir, \u00e0 trois faces<\/li>\n<li>Nail Oil, 16 ml<\/li>\n<li>1 brosse plate<\/li>\n<\/ul>\n","protected":false},"excerpt":{"rendered":"<p>Natural Care scelle l&rsquo;ongle naturel et prot\u00e8ge la surface contre les influences environnementales. Natural Care est appliqu\u00e9 sur la plaque de l&rsquo;ongle. Les substances soignantes se retrouvent ainsi dans la plaque de l&rsquo;ongle, y p\u00e9n\u00e8trent et les principes actifs peuvent agir. Contenu: Natural Care Cream, 15 ml Lime \u00e0 polir, \u00e0 trois faces Nail Oil, [&hellip;]<\/p>\n","protected":false},"featured_media":8314,"comment_status":"closed","ping_status":"closed","template":"","meta":{"_acf_changed":false},"product_brand":[],"product_cat":[5079,4970,4936,4761,1475,5077,1467,4907],"product_tag":[2715],"class_list":{"0":"post-8991","1":"product","2":"type-product","3":"status-publish","4":"has-post-thumbnail","6":"product_cat-creme-ongles","7":"product_cat-manucure-huiles-ongles","8":"product_cat-lcn-fr","9":"product_cat-pose-ongles","10":"product_cat-produits-multifonctionnels-specialises","11":"product_cat-manucure-soin-des-ongles","12":"product_cat-lcn-soin-des-ongles","13":"product_cat-soins","14":"product_tag-lcn-fr","16":"first","17":"instock","18":"taxable","19":"shipping-taxable","20":"product-type-simple"},"acf":[],"_links":{"self":[{"href":"https:\/\/sundar.be\/fr\/wp-json\/wp\/v2\/product\/8991","targetHints":{"allow":["GET"]}}],"collection":[{"href":"https:\/\/sundar.be\/fr\/wp-json\/wp\/v2\/product"}],"about":[{"href":"https:\/\/sundar.be\/fr\/wp-json\/wp\/v2\/types\/product"}],"replies":[{"embeddable":true,"href":"https:\/\/sundar.be\/fr\/wp-json\/wp\/v2\/comments?post=8991"}],"wp:featuredmedia":[{"embeddable":true,"href":"https:\/\/sundar.be\/fr\/wp-json\/wp\/v2\/media\/8314"}],"wp:attachment":[{"href":"https:\/\/sundar.be\/fr\/wp-json\/wp\/v2\/media?parent=8991"}],"wp:term":[{"taxonomy":"product_brand","embeddable":true,"href":"https:\/\/sundar.be\/fr\/wp-json\/wp\/v2\/product_brand?post=8991"},{"taxonomy":"product_cat","embeddable":true,"href":"https:\/\/sundar.be\/fr\/wp-json\/wp\/v2\/product_cat?post=8991"},{"taxonomy":"product_tag","embeddable":true,"href":"https:\/\/sundar.be\/fr\/wp-json\/wp\/v2\/product_tag?post=8991"}],"curies":[{"name":"wp","href":"https:\/\/api.w.org\/{rel}","templated":true}]}}