{"id":8988,"date":"2021-09-29T10:18:31","date_gmt":"2021-09-29T08:18:31","guid":{"rendered":"https:\/\/sundar.be\/product\/quick-dry-spray-150ml\/"},"modified":"2025-11-25T08:37:17","modified_gmt":"2025-11-25T07:37:17","slug":"lcn-quick-dry-spray-150ml","status":"publish","type":"product","link":"https:\/\/sundar.be\/fr\/produit\/lcn-quick-dry-spray-150ml\/","title":{"rendered":"LCN Quick Dry Spray 150ml"},"content":{"rendered":"<p><strong>LCN Quick Dry Spray<\/strong> est un spray de s\u00e9chage rapide et efficace qui aide le vernis \u00e0 ongles \u00e0 durcir en quelques secondes. Gr\u00e2ce \u00e0 sa formule l\u00e9g\u00e8re et non grasse, il \u00e9vite les bavures et les dommages, garantissant ainsi une manucure et p\u00e9dicure impeccables plus longtemps. Id\u00e9al pour les stylistes ongulaires professionnels comme pour les utilisateurs \u00e0 domicile qui souhaitent gagner du temps sans compromettre la qualit\u00e9.<\/p>\n","protected":false},"excerpt":{"rendered":"<p>Ce Quick Dry Spray acc\u00e9l\u00e8re le processus de s\u00e9chage du vernis \u00e0 ongles et prot\u00e8ge contre les dommages. Sa formule assure une finition impeccable et durable en seulement quelques secondes.<\/p>\n","protected":false},"featured_media":59209,"comment_status":"closed","ping_status":"closed","template":"","meta":{"_acf_changed":false},"product_brand":[],"product_cat":[4936,1473,1467,4907],"product_tag":[2715],"class_list":{"0":"post-8988","1":"product","2":"type-product","3":"status-publish","4":"has-post-thumbnail","6":"product_cat-lcn-fr","7":"product_cat-sechage-accelere","8":"product_cat-lcn-soin-des-ongles","9":"product_cat-soins","10":"product_tag-lcn-fr","12":"first","13":"instock","14":"taxable","15":"shipping-taxable","16":"product-type-simple"},"acf":[],"_links":{"self":[{"href":"https:\/\/sundar.be\/fr\/wp-json\/wp\/v2\/product\/8988","targetHints":{"allow":["GET"]}}],"collection":[{"href":"https:\/\/sundar.be\/fr\/wp-json\/wp\/v2\/product"}],"about":[{"href":"https:\/\/sundar.be\/fr\/wp-json\/wp\/v2\/types\/product"}],"replies":[{"embeddable":true,"href":"https:\/\/sundar.be\/fr\/wp-json\/wp\/v2\/comments?post=8988"}],"wp:featuredmedia":[{"embeddable":true,"href":"https:\/\/sundar.be\/fr\/wp-json\/wp\/v2\/media\/59209"}],"wp:attachment":[{"href":"https:\/\/sundar.be\/fr\/wp-json\/wp\/v2\/media?parent=8988"}],"wp:term":[{"taxonomy":"product_brand","embeddable":true,"href":"https:\/\/sundar.be\/fr\/wp-json\/wp\/v2\/product_brand?post=8988"},{"taxonomy":"product_cat","embeddable":true,"href":"https:\/\/sundar.be\/fr\/wp-json\/wp\/v2\/product_cat?post=8988"},{"taxonomy":"product_tag","embeddable":true,"href":"https:\/\/sundar.be\/fr\/wp-json\/wp\/v2\/product_tag?post=8988"}],"curies":[{"name":"wp","href":"https:\/\/api.w.org\/{rel}","templated":true}]}}