{"id":8987,"date":"2021-09-29T10:18:29","date_gmt":"2021-09-29T08:18:29","guid":{"rendered":"https:\/\/sundar.be\/product\/quick-dryer-25ml\/"},"modified":"2025-11-25T08:13:09","modified_gmt":"2025-11-25T07:13:09","slug":"quick-dryer-25ml","status":"publish","type":"product","link":"https:\/\/sundar.be\/fr\/produit\/quick-dryer-25ml\/","title":{"rendered":"LCN Quick Dryer 25ml"},"content":{"rendered":"<p><strong>LCN Quick Dryer <\/strong>est un spray acc\u00e9l\u00e9rateur de s\u00e9chage pour vernis \u00e0 ongles qui r\u00e9duit le temps de s\u00e9chage en quelques secondes sans alt\u00e9rer la brillance ni la tenue de la manucure. Sa formule ultra-l\u00e9g\u00e8re d\u00e9pose un film protecteur sur le vernis afin qu\u2019il durcisse plus rapidement et r\u00e9siste imm\u00e9diatement aux rayures, marques et chocs. <\/p>\n","protected":false},"excerpt":{"rendered":"<p>LCN Quick Dryer fait s\u00e9cher le vernis \u00e0 une vitesse record tout en prot\u00e9geant la couche fra\u00eechement appliqu\u00e9e. Id\u00e9al pour un r\u00e9sultat parfait sans temps d\u2019attente. <\/p>\n","protected":false},"featured_media":57861,"comment_status":"closed","ping_status":"closed","template":"","meta":{"_acf_changed":false},"product_brand":[],"product_cat":[4936,1473,1467,4907],"product_tag":[2715],"class_list":{"0":"post-8987","1":"product","2":"type-product","3":"status-publish","4":"has-post-thumbnail","6":"product_cat-lcn-fr","7":"product_cat-sechage-accelere","8":"product_cat-lcn-soin-des-ongles","9":"product_cat-soins","10":"product_tag-lcn-fr","12":"first","13":"instock","14":"taxable","15":"shipping-taxable","16":"product-type-simple"},"acf":[],"_links":{"self":[{"href":"https:\/\/sundar.be\/fr\/wp-json\/wp\/v2\/product\/8987","targetHints":{"allow":["GET"]}}],"collection":[{"href":"https:\/\/sundar.be\/fr\/wp-json\/wp\/v2\/product"}],"about":[{"href":"https:\/\/sundar.be\/fr\/wp-json\/wp\/v2\/types\/product"}],"replies":[{"embeddable":true,"href":"https:\/\/sundar.be\/fr\/wp-json\/wp\/v2\/comments?post=8987"}],"wp:featuredmedia":[{"embeddable":true,"href":"https:\/\/sundar.be\/fr\/wp-json\/wp\/v2\/media\/57861"}],"wp:attachment":[{"href":"https:\/\/sundar.be\/fr\/wp-json\/wp\/v2\/media?parent=8987"}],"wp:term":[{"taxonomy":"product_brand","embeddable":true,"href":"https:\/\/sundar.be\/fr\/wp-json\/wp\/v2\/product_brand?post=8987"},{"taxonomy":"product_cat","embeddable":true,"href":"https:\/\/sundar.be\/fr\/wp-json\/wp\/v2\/product_cat?post=8987"},{"taxonomy":"product_tag","embeddable":true,"href":"https:\/\/sundar.be\/fr\/wp-json\/wp\/v2\/product_tag?post=8987"}],"curies":[{"name":"wp","href":"https:\/\/api.w.org\/{rel}","templated":true}]}}