{"id":8984,"date":"2021-09-29T10:18:29","date_gmt":"2021-09-29T08:18:29","guid":{"rendered":"https:\/\/sundar.be\/product\/care-pen-tea-tree\/"},"modified":"2025-12-18T08:54:30","modified_gmt":"2025-12-18T07:54:30","slug":"care-pen-tea-tree","status":"publish","type":"product","link":"https:\/\/sundar.be\/fr\/produit\/care-pen-tea-tree\/","title":{"rendered":"LCN Care Pen Tea Tree"},"content":{"rendered":"<p data-start=\"62\" data-end=\"400\"><span style=\"color: #557e96;\"><strong>Care Pen Tea Tree<\/strong><\/span> est un stylo de soin pour les ongles et les cuticules, formul\u00e9 avec une combinaison puissante d\u2019huiles nourrissantes et d\u2019huile d\u2019arbre \u00e0 th\u00e9 pour maintenir des ongles propres, forts et en bonne sant\u00e9. Son embout applicateur permet un soin cibl\u00e9 et pr\u00e9cis, id\u00e9al pour les ongles qui ont besoin de soutien suppl\u00e9mentaire face au dess\u00e8chement, au d\u00e9doublement ou aux agressions ext\u00e9rieures. <\/p>\n<p>&nbsp;<\/p>\n","protected":false},"excerpt":{"rendered":"<p><span style=\"color: #557e96;\"><strong>Care Pen Tea Tree<\/strong><\/span> nourrit et prot\u00e8ge intens\u00e9ment les ongles et les cuticules gr\u00e2ce \u00e0 l\u2019huile de tea tree et aux huiles v\u00e9g\u00e9tales, pour des ongles sains et \u00e9quilibr\u00e9s. Les ongles deviennent plus lisses et plus r\u00e9sistants et les cuticules restent souples et bien entretenues. <\/p>\n","protected":false},"featured_media":8300,"comment_status":"closed","ping_status":"closed","template":"","meta":{"_acf_changed":false},"product_brand":[],"product_cat":[4936,4761,6223,5077,1467,4907,5081],"product_tag":[2715],"class_list":{"0":"post-8984","1":"product","2":"type-product","3":"status-publish","4":"has-post-thumbnail","6":"product_cat-lcn-fr","7":"product_cat-pose-ongles","8":"product_cat-lcn-soins-des-ongles-soin-de-base","9":"product_cat-manucure-soin-des-ongles","10":"product_cat-lcn-soin-des-ongles","11":"product_cat-soins","12":"product_cat-stylo-ongle","13":"product_tag-lcn-fr","15":"first","16":"instock","17":"taxable","18":"shipping-taxable","19":"product-type-simple"},"acf":[],"_links":{"self":[{"href":"https:\/\/sundar.be\/fr\/wp-json\/wp\/v2\/product\/8984","targetHints":{"allow":["GET"]}}],"collection":[{"href":"https:\/\/sundar.be\/fr\/wp-json\/wp\/v2\/product"}],"about":[{"href":"https:\/\/sundar.be\/fr\/wp-json\/wp\/v2\/types\/product"}],"replies":[{"embeddable":true,"href":"https:\/\/sundar.be\/fr\/wp-json\/wp\/v2\/comments?post=8984"}],"wp:featuredmedia":[{"embeddable":true,"href":"https:\/\/sundar.be\/fr\/wp-json\/wp\/v2\/media\/8300"}],"wp:attachment":[{"href":"https:\/\/sundar.be\/fr\/wp-json\/wp\/v2\/media?parent=8984"}],"wp:term":[{"taxonomy":"product_brand","embeddable":true,"href":"https:\/\/sundar.be\/fr\/wp-json\/wp\/v2\/product_brand?post=8984"},{"taxonomy":"product_cat","embeddable":true,"href":"https:\/\/sundar.be\/fr\/wp-json\/wp\/v2\/product_cat?post=8984"},{"taxonomy":"product_tag","embeddable":true,"href":"https:\/\/sundar.be\/fr\/wp-json\/wp\/v2\/product_tag?post=8984"}],"curies":[{"name":"wp","href":"https:\/\/api.w.org\/{rel}","templated":true}]}}