{"id":8982,"date":"2021-09-29T10:18:29","date_gmt":"2021-09-29T08:18:29","guid":{"rendered":"https:\/\/sundar.be\/product\/nail-cream-10ml\/"},"modified":"2025-11-25T16:14:16","modified_gmt":"2025-11-25T15:14:16","slug":"nail-cream-10ml","status":"publish","type":"product","link":"https:\/\/sundar.be\/fr\/produit\/nail-cream-10ml\/","title":{"rendered":"LCN Nail Cream 10ml"},"content":{"rendered":"<p data-start=\"0\" data-end=\"297\"><strong>Nail Cream<\/strong> est une cr\u00e8me riche et nourrissante sp\u00e9cialement formul\u00e9e pour prendre soin intens\u00e9ment des ongles et des cuticules. Sa texture protectrice forme un voile hydratant qui pr\u00e9vient le dess\u00e8chement et maintient la plaque ungu\u00e9ale et les cuticules souples, fortes et en bonne sant\u00e9. <\/p>\n","protected":false},"excerpt":{"rendered":"<p data-start=\"299\" data-end=\"512\">Nail Cream adoucit et nourrit les cuticules s\u00e8ches tout en renfor\u00e7ant l\u2019\u00e9tat g\u00e9n\u00e9ral de l\u2019ongle. Avec un usage r\u00e9gulier, les ongles deviennent plus lisses, moins cassants et visiblement mieux entretenus. <\/p>\n<p data-start=\"514\" data-end=\"527\">\n","protected":false},"featured_media":8296,"comment_status":"closed","ping_status":"closed","template":"","meta":{"_acf_changed":false},"product_brand":[],"product_cat":[5079,4936,4761,1477,1467,5077,4907],"product_tag":[2715],"class_list":{"0":"post-8982","1":"product","2":"type-product","3":"status-publish","4":"has-post-thumbnail","6":"product_cat-creme-ongles","7":"product_cat-lcn-fr","8":"product_cat-pose-ongles","9":"product_cat-lcn-soins-ongles-regeneration","10":"product_cat-lcn-soin-des-ongles","11":"product_cat-manucure-soin-des-ongles","12":"product_cat-soins","13":"product_tag-lcn-fr","15":"first","16":"instock","17":"taxable","18":"shipping-taxable","19":"product-type-simple"},"acf":[],"_links":{"self":[{"href":"https:\/\/sundar.be\/fr\/wp-json\/wp\/v2\/product\/8982","targetHints":{"allow":["GET"]}}],"collection":[{"href":"https:\/\/sundar.be\/fr\/wp-json\/wp\/v2\/product"}],"about":[{"href":"https:\/\/sundar.be\/fr\/wp-json\/wp\/v2\/types\/product"}],"replies":[{"embeddable":true,"href":"https:\/\/sundar.be\/fr\/wp-json\/wp\/v2\/comments?post=8982"}],"wp:featuredmedia":[{"embeddable":true,"href":"https:\/\/sundar.be\/fr\/wp-json\/wp\/v2\/media\/8296"}],"wp:attachment":[{"href":"https:\/\/sundar.be\/fr\/wp-json\/wp\/v2\/media?parent=8982"}],"wp:term":[{"taxonomy":"product_brand","embeddable":true,"href":"https:\/\/sundar.be\/fr\/wp-json\/wp\/v2\/product_brand?post=8982"},{"taxonomy":"product_cat","embeddable":true,"href":"https:\/\/sundar.be\/fr\/wp-json\/wp\/v2\/product_cat?post=8982"},{"taxonomy":"product_tag","embeddable":true,"href":"https:\/\/sundar.be\/fr\/wp-json\/wp\/v2\/product_tag?post=8982"}],"curies":[{"name":"wp","href":"https:\/\/api.w.org\/{rel}","templated":true}]}}