{"id":8972,"date":"2021-09-29T10:18:29","date_gmt":"2021-09-29T08:18:29","guid":{"rendered":"https:\/\/sundar.be\/product\/cotton-swabs\/"},"modified":"2025-02-25T10:59:09","modified_gmt":"2025-02-25T09:59:09","slug":"cotton-swabs","status":"publish","type":"product","link":"https:\/\/sundar.be\/fr\/produit\/cotton-swabs\/","title":{"rendered":"Cotton Swabs, 2x 500 pcs"},"content":{"rendered":"<p>Les tampons en cellulose de LCN sont indispensables pour les salons professionnels.<\/p>\n<p>Les tampons d&rsquo;ouate sont fabriqu\u00e9s en cellulose robuste et multifonctionnels. Dans les manucures professionnelles, les disques de coton sont utilis\u00e9s pour enlever le vernis \u00e0 ongles, nettoyer et d\u00e9graisser les ongles naturels. En modelage professionnel pour enlever la couche de dispersion apr\u00e8s le durcissement du gel UV de LCN. Les tampons en cellulose peuvent \u00e9galement \u00eatre utilis\u00e9s avec du plastique photopolym\u00e9ris\u00e9 pour les ongles de pied.<\/p>\n<p>&nbsp;<\/p>\n","protected":false},"excerpt":{"rendered":"<p>Watjes voor multifunctioneel gebruik.<\/p>\n","protected":false},"featured_media":8276,"comment_status":"closed","ping_status":"closed","template":"","meta":{"_acf_changed":false},"product_brand":[],"product_cat":[5016,4936,1539,5008,1532,4949,1429,4761],"product_tag":[2715],"class_list":{"0":"post-8972","1":"product","2":"type-product","3":"status-publish","4":"has-post-thumbnail","6":"product_cat-manucure-accessoires-liquides","7":"product_cat-lcn-fr","8":"product_cat-liquides-accessoires-fr","9":"product_cat-manucure-materiel-manucure","10":"product_cat-materiels","11":"product_cat-lcn-ongles-artificiels","12":"product_cat-pinces-instruments","13":"product_cat-pose-ongles","14":"product_tag-lcn-fr","16":"first","17":"instock","18":"taxable","19":"shipping-taxable","20":"product-type-simple"},"acf":[],"_links":{"self":[{"href":"https:\/\/sundar.be\/fr\/wp-json\/wp\/v2\/product\/8972","targetHints":{"allow":["GET"]}}],"collection":[{"href":"https:\/\/sundar.be\/fr\/wp-json\/wp\/v2\/product"}],"about":[{"href":"https:\/\/sundar.be\/fr\/wp-json\/wp\/v2\/types\/product"}],"replies":[{"embeddable":true,"href":"https:\/\/sundar.be\/fr\/wp-json\/wp\/v2\/comments?post=8972"}],"wp:featuredmedia":[{"embeddable":true,"href":"https:\/\/sundar.be\/fr\/wp-json\/wp\/v2\/media\/8276"}],"wp:attachment":[{"href":"https:\/\/sundar.be\/fr\/wp-json\/wp\/v2\/media?parent=8972"}],"wp:term":[{"taxonomy":"product_brand","embeddable":true,"href":"https:\/\/sundar.be\/fr\/wp-json\/wp\/v2\/product_brand?post=8972"},{"taxonomy":"product_cat","embeddable":true,"href":"https:\/\/sundar.be\/fr\/wp-json\/wp\/v2\/product_cat?post=8972"},{"taxonomy":"product_tag","embeddable":true,"href":"https:\/\/sundar.be\/fr\/wp-json\/wp\/v2\/product_tag?post=8972"}],"curies":[{"name":"wp","href":"https:\/\/api.w.org\/{rel}","templated":true}]}}