{"id":8970,"date":"2021-09-29T10:18:27","date_gmt":"2021-09-29T08:18:27","guid":{"rendered":"https:\/\/sundar.be\/product\/rosewood-sticks-long-10-pcs\/"},"modified":"2025-11-25T15:37:11","modified_gmt":"2025-11-25T14:37:11","slug":"rosewood-sticks-long-10-pcs","status":"publish","type":"product","link":"https:\/\/sundar.be\/fr\/produit\/rosewood-sticks-long-10-pcs\/","title":{"rendered":"LCN Rosewood Sticks long 10 pcs"},"content":{"rendered":"<p>Pour la manucure :<\/p>\n<ul>\n<li>Pour repousser la peau des ongles et nettoyer les cuticules<\/li>\n<li>Particularit\u00e9s : Une extr\u00e9mit\u00e9 biseaut\u00e9e et une extr\u00e9mit\u00e9 en forme de fl\u00e8che.<\/li>\n<\/ul>\n","protected":false},"excerpt":{"rendered":"<p>Pour la manucure : Pour repousser la peau des ongles et nettoyer les cuticules Particularit\u00e9s : Une extr\u00e9mit\u00e9 biseaut\u00e9e et une extr\u00e9mit\u00e9 en forme de fl\u00e8che.<\/p>\n","protected":false},"featured_media":8272,"comment_status":"closed","ping_status":"closed","template":"","meta":{"_acf_changed":false},"product_brand":[],"product_cat":[4656,5008,1532,5014,1429,4761],"product_tag":[2715],"class_list":{"0":"post-8970","1":"product","2":"type-product","3":"status-publish","4":"has-post-thumbnail","6":"product_cat-instruments-manucure","7":"product_cat-manucure-materiel-manucure","8":"product_cat-materiels","9":"product_cat-pose-ongles-outils-manucure","10":"product_cat-pinces-instruments","11":"product_cat-pose-ongles","12":"product_tag-lcn-fr","14":"first","15":"instock","16":"taxable","17":"shipping-taxable","18":"product-type-simple"},"acf":[],"_links":{"self":[{"href":"https:\/\/sundar.be\/fr\/wp-json\/wp\/v2\/product\/8970","targetHints":{"allow":["GET"]}}],"collection":[{"href":"https:\/\/sundar.be\/fr\/wp-json\/wp\/v2\/product"}],"about":[{"href":"https:\/\/sundar.be\/fr\/wp-json\/wp\/v2\/types\/product"}],"replies":[{"embeddable":true,"href":"https:\/\/sundar.be\/fr\/wp-json\/wp\/v2\/comments?post=8970"}],"wp:featuredmedia":[{"embeddable":true,"href":"https:\/\/sundar.be\/fr\/wp-json\/wp\/v2\/media\/8272"}],"wp:attachment":[{"href":"https:\/\/sundar.be\/fr\/wp-json\/wp\/v2\/media?parent=8970"}],"wp:term":[{"taxonomy":"product_brand","embeddable":true,"href":"https:\/\/sundar.be\/fr\/wp-json\/wp\/v2\/product_brand?post=8970"},{"taxonomy":"product_cat","embeddable":true,"href":"https:\/\/sundar.be\/fr\/wp-json\/wp\/v2\/product_cat?post=8970"},{"taxonomy":"product_tag","embeddable":true,"href":"https:\/\/sundar.be\/fr\/wp-json\/wp\/v2\/product_tag?post=8970"}],"curies":[{"name":"wp","href":"https:\/\/api.w.org\/{rel}","templated":true}]}}