{"id":8964,"date":"2021-09-29T10:18:27","date_gmt":"2021-09-29T08:18:27","guid":{"rendered":"https:\/\/sundar.be\/product\/fiberglass-fabric\/"},"modified":"2025-11-25T15:37:17","modified_gmt":"2025-11-25T14:37:17","slug":"fiberglass-fabric","status":"publish","type":"product","link":"https:\/\/sundar.be\/fr\/produit\/fiberglass-fabric\/","title":{"rendered":"LCN Fiberglass fabric"},"content":{"rendered":"<ul>\n<li>Caract\u00e9ristiques : Autocollant<\/li>\n<li>Effet : stabilit\u00e9 pour les ongles naturels et artificiels<\/li>\n<li>Couper individuellement \u00e0 la taille voulue.<\/li>\n<\/ul>\n","protected":false},"excerpt":{"rendered":"<p>Caract\u00e9ristiques : Autocollant Effet : stabilit\u00e9 pour les ongles naturels et artificiels Couper individuellement \u00e0 la taille voulue.<\/p>\n","protected":false},"featured_media":8260,"comment_status":"closed","ping_status":"closed","template":"","meta":{"_acf_changed":false},"product_brand":[],"product_cat":[5016,4936,1539,5008,1532,4949,4761],"product_tag":[2715],"class_list":{"0":"post-8964","1":"product","2":"type-product","3":"status-publish","4":"has-post-thumbnail","6":"product_cat-manucure-accessoires-liquides","7":"product_cat-lcn-fr","8":"product_cat-liquides-accessoires-fr","9":"product_cat-manucure-materiel-manucure","10":"product_cat-materiels","11":"product_cat-lcn-ongles-artificiels","12":"product_cat-pose-ongles","13":"product_tag-lcn-fr","15":"first","16":"instock","17":"taxable","18":"shipping-taxable","19":"product-type-simple"},"acf":[],"_links":{"self":[{"href":"https:\/\/sundar.be\/fr\/wp-json\/wp\/v2\/product\/8964","targetHints":{"allow":["GET"]}}],"collection":[{"href":"https:\/\/sundar.be\/fr\/wp-json\/wp\/v2\/product"}],"about":[{"href":"https:\/\/sundar.be\/fr\/wp-json\/wp\/v2\/types\/product"}],"replies":[{"embeddable":true,"href":"https:\/\/sundar.be\/fr\/wp-json\/wp\/v2\/comments?post=8964"}],"wp:featuredmedia":[{"embeddable":true,"href":"https:\/\/sundar.be\/fr\/wp-json\/wp\/v2\/media\/8260"}],"wp:attachment":[{"href":"https:\/\/sundar.be\/fr\/wp-json\/wp\/v2\/media?parent=8964"}],"wp:term":[{"taxonomy":"product_brand","embeddable":true,"href":"https:\/\/sundar.be\/fr\/wp-json\/wp\/v2\/product_brand?post=8964"},{"taxonomy":"product_cat","embeddable":true,"href":"https:\/\/sundar.be\/fr\/wp-json\/wp\/v2\/product_cat?post=8964"},{"taxonomy":"product_tag","embeddable":true,"href":"https:\/\/sundar.be\/fr\/wp-json\/wp\/v2\/product_tag?post=8964"}],"curies":[{"name":"wp","href":"https:\/\/api.w.org\/{rel}","templated":true}]}}