{"id":8962,"date":"2021-09-29T10:18:27","date_gmt":"2021-09-29T08:18:27","guid":{"rendered":"https:\/\/sundar.be\/product\/pump-dispenser\/"},"modified":"2025-02-20T13:31:12","modified_gmt":"2025-02-20T12:31:12","slug":"pump-dispenser","status":"publish","type":"product","link":"https:\/\/sundar.be\/fr\/produit\/pump-dispenser\/","title":{"rendered":"Pump Dispenser"},"content":{"rendered":"<p>Le distributeur transparent avec pompe en plastique sp\u00e9cial assure une distribution optimale des liquides tels que le dissolvant pour vernis \u00e0 ongles, le nettoyant ou le Super Shine Finish Cleaner. Gr\u00e2ce \u00e0 la fermeture rotative \u00e0 clic sur le couvercle, les fuites sont \u00e9vit\u00e9es.<br \/>\nLe distributeur \u00e0 pompe est livr\u00e9 vide et peut \u00eatre rempli avec 250 ml de liquide.<\/p>\n","protected":false},"excerpt":{"rendered":"<p>Le distributeur transparent avec pompe en plastique sp\u00e9cial assure une distribution optimale des liquides tels que le dissolvant pour vernis \u00e0 ongles, le nettoyant ou le Super Shine Finish Cleaner. Gr\u00e2ce \u00e0 la fermeture rotative \u00e0 clic sur le couvercle, les fuites sont \u00e9vit\u00e9es. Le distributeur \u00e0 pompe est livr\u00e9 vide et peut \u00eatre rempli [&hellip;]<\/p>\n","protected":false},"featured_media":42547,"comment_status":"closed","ping_status":"closed","template":"","meta":{"_acf_changed":false},"product_brand":[],"product_cat":[5016,4936,1539,5008,1532,4949,4761],"product_tag":[2715],"class_list":{"0":"post-8962","1":"product","2":"type-product","3":"status-publish","4":"has-post-thumbnail","6":"product_cat-manucure-accessoires-liquides","7":"product_cat-lcn-fr","8":"product_cat-liquides-accessoires-fr","9":"product_cat-manucure-materiel-manucure","10":"product_cat-materiels","11":"product_cat-lcn-ongles-artificiels","12":"product_cat-pose-ongles","13":"product_tag-lcn-fr","15":"first","16":"instock","17":"taxable","18":"shipping-taxable","19":"product-type-simple"},"acf":[],"_links":{"self":[{"href":"https:\/\/sundar.be\/fr\/wp-json\/wp\/v2\/product\/8962","targetHints":{"allow":["GET"]}}],"collection":[{"href":"https:\/\/sundar.be\/fr\/wp-json\/wp\/v2\/product"}],"about":[{"href":"https:\/\/sundar.be\/fr\/wp-json\/wp\/v2\/types\/product"}],"replies":[{"embeddable":true,"href":"https:\/\/sundar.be\/fr\/wp-json\/wp\/v2\/comments?post=8962"}],"wp:featuredmedia":[{"embeddable":true,"href":"https:\/\/sundar.be\/fr\/wp-json\/wp\/v2\/media\/42547"}],"wp:attachment":[{"href":"https:\/\/sundar.be\/fr\/wp-json\/wp\/v2\/media?parent=8962"}],"wp:term":[{"taxonomy":"product_brand","embeddable":true,"href":"https:\/\/sundar.be\/fr\/wp-json\/wp\/v2\/product_brand?post=8962"},{"taxonomy":"product_cat","embeddable":true,"href":"https:\/\/sundar.be\/fr\/wp-json\/wp\/v2\/product_cat?post=8962"},{"taxonomy":"product_tag","embeddable":true,"href":"https:\/\/sundar.be\/fr\/wp-json\/wp\/v2\/product_tag?post=8962"}],"curies":[{"name":"wp","href":"https:\/\/api.w.org\/{rel}","templated":true}]}}