{"id":8958,"date":"2021-09-29T10:18:27","date_gmt":"2021-09-29T08:18:27","guid":{"rendered":"https:\/\/sundar.be\/product\/polish-corrector\/"},"modified":"2025-11-25T15:36:26","modified_gmt":"2025-11-25T14:36:26","slug":"polish-corrector","status":"publish","type":"product","link":"https:\/\/sundar.be\/fr\/produit\/polish-corrector\/","title":{"rendered":"LCN Polish Corrector Pen"},"content":{"rendered":"<p><strong>Polish Corrector<\/strong> est un stylo correcteur de vernis \u00e0 ongles con\u00e7u pour retirer facilement les petites imperfections autour des cuticules ou sur le bout des doigts, sans ab\u00eemer le reste de la manucure. Gr\u00e2ce \u00e0 sa pointe pr\u00e9cise et \u00e0 sa formule efficace, il permet de corriger rapidement les bords du vernis pour un r\u00e9sultat net et professionnel. <\/p>\n<p>Inclus 3 <strong><a href=\"https:\/\/sundar.be\/fr\/produit\/replacement-tips-for-pens\/\">embouts de rechange<\/a><\/strong><\/p>\n","protected":false},"excerpt":{"rendered":"<p>Polish Corrector \u00e9limine facilement l\u2019exc\u00e9dent de vernis pour une finition propre et impeccable. Id\u00e9al pour obtenir des ongles parfaitement vernis sans bavures ni d\u00e9bordements. <\/p>\n","protected":false},"featured_media":8248,"comment_status":"closed","ping_status":"closed","template":"","meta":{"_acf_changed":false},"product_brand":[],"product_cat":[4936,4761,4968,1475,2772,1467,4907],"product_tag":[2715],"class_list":{"0":"post-8958","1":"product","2":"type-product","3":"status-publish","4":"has-post-thumbnail","6":"product_cat-lcn-fr","7":"product_cat-pose-ongles","8":"product_cat-preparation-manucure","9":"product_cat-produits-multifonctionnels-specialises","10":"product_cat-manucure-soin-mains","11":"product_cat-lcn-soin-des-ongles","12":"product_cat-soins","13":"product_tag-lcn-fr","15":"first","16":"instock","17":"taxable","18":"shipping-taxable","19":"product-type-simple"},"acf":[],"_links":{"self":[{"href":"https:\/\/sundar.be\/fr\/wp-json\/wp\/v2\/product\/8958","targetHints":{"allow":["GET"]}}],"collection":[{"href":"https:\/\/sundar.be\/fr\/wp-json\/wp\/v2\/product"}],"about":[{"href":"https:\/\/sundar.be\/fr\/wp-json\/wp\/v2\/types\/product"}],"replies":[{"embeddable":true,"href":"https:\/\/sundar.be\/fr\/wp-json\/wp\/v2\/comments?post=8958"}],"wp:featuredmedia":[{"embeddable":true,"href":"https:\/\/sundar.be\/fr\/wp-json\/wp\/v2\/media\/8248"}],"wp:attachment":[{"href":"https:\/\/sundar.be\/fr\/wp-json\/wp\/v2\/media?parent=8958"}],"wp:term":[{"taxonomy":"product_brand","embeddable":true,"href":"https:\/\/sundar.be\/fr\/wp-json\/wp\/v2\/product_brand?post=8958"},{"taxonomy":"product_cat","embeddable":true,"href":"https:\/\/sundar.be\/fr\/wp-json\/wp\/v2\/product_cat?post=8958"},{"taxonomy":"product_tag","embeddable":true,"href":"https:\/\/sundar.be\/fr\/wp-json\/wp\/v2\/product_tag?post=8958"}],"curies":[{"name":"wp","href":"https:\/\/api.w.org\/{rel}","templated":true}]}}