{"id":8954,"date":"2021-09-29T10:18:21","date_gmt":"2021-09-29T08:18:21","guid":{"rendered":"https:\/\/sundar.be\/product\/reposan-50ml\/"},"modified":"2025-11-25T12:41:44","modified_gmt":"2025-11-25T11:41:44","slug":"reposan-50ml-fr","status":"publish","type":"product","link":"https:\/\/sundar.be\/fr\/produit\/reposan-50ml-fr\/","title":{"rendered":"LCN Reposan 50ml"},"content":{"rendered":"<p><strong>Reposan <\/strong>est une cr\u00e8me pour les mains riche et protectrice qui nourrit et adoucit intens\u00e9ment la peau, m\u00eame en cas de mains s\u00e8ches, rugueuses ou irrit\u00e9es. Gr\u00e2ce \u00e0 la combinaison d\u2019huiles \u00e9mollientes et d\u2019ingr\u00e9dients apaisants, cette cr\u00e8me aide \u00e0 restaurer la barri\u00e8re cutan\u00e9e naturelle et \u00e0 pr\u00e9venir la perte d\u2019hydratation, pour un confort durable et des mains souples. <\/p>\n","protected":false},"excerpt":{"rendered":"<p>Reposan hydrate et adoucit la peau en profondeur tout en formant une couche protectrice contre le dess\u00e8chement. Elle procure un soulagement imm\u00e9diat de la sensation de tiraillement ou de rugosit\u00e9 et maintient la souplesse des mains tout au long de la journ\u00e9e. <\/p>\n","protected":false},"featured_media":8240,"comment_status":"closed","ping_status":"closed","template":"","meta":{"_acf_changed":false},"product_brand":[],"product_cat":[4969,1442,4936,4761,1440,2772,4907],"product_tag":[2715],"class_list":{"0":"post-8954","1":"product","2":"type-product","3":"status-publish","4":"has-post-thumbnail","6":"product_cat-cremes-lotions-mains","7":"product_cat-cremes-pour-les-mains","8":"product_cat-lcn-fr","9":"product_cat-pose-ongles","10":"product_cat-lcn-soin-de-mains","11":"product_cat-manucure-soin-mains","12":"product_cat-soins","13":"product_tag-lcn-fr","15":"first","16":"instock","17":"taxable","18":"shipping-taxable","19":"product-type-simple"},"acf":[],"_links":{"self":[{"href":"https:\/\/sundar.be\/fr\/wp-json\/wp\/v2\/product\/8954","targetHints":{"allow":["GET"]}}],"collection":[{"href":"https:\/\/sundar.be\/fr\/wp-json\/wp\/v2\/product"}],"about":[{"href":"https:\/\/sundar.be\/fr\/wp-json\/wp\/v2\/types\/product"}],"replies":[{"embeddable":true,"href":"https:\/\/sundar.be\/fr\/wp-json\/wp\/v2\/comments?post=8954"}],"wp:featuredmedia":[{"embeddable":true,"href":"https:\/\/sundar.be\/fr\/wp-json\/wp\/v2\/media\/8240"}],"wp:attachment":[{"href":"https:\/\/sundar.be\/fr\/wp-json\/wp\/v2\/media?parent=8954"}],"wp:term":[{"taxonomy":"product_brand","embeddable":true,"href":"https:\/\/sundar.be\/fr\/wp-json\/wp\/v2\/product_brand?post=8954"},{"taxonomy":"product_cat","embeddable":true,"href":"https:\/\/sundar.be\/fr\/wp-json\/wp\/v2\/product_cat?post=8954"},{"taxonomy":"product_tag","embeddable":true,"href":"https:\/\/sundar.be\/fr\/wp-json\/wp\/v2\/product_tag?post=8954"}],"curies":[{"name":"wp","href":"https:\/\/api.w.org\/{rel}","templated":true}]}}