{"id":8950,"date":"2021-09-29T10:18:21","date_gmt":"2021-09-29T08:18:21","guid":{"rendered":"https:\/\/sundar.be\/product\/brush-glue-10g\/"},"modified":"2025-11-25T15:37:50","modified_gmt":"2025-11-25T14:37:50","slug":"brush-glue-10g","status":"publish","type":"product","link":"https:\/\/sundar.be\/fr\/produit\/brush-glue-10g\/","title":{"rendered":"LCN Brush Glue 10g"},"content":{"rendered":"<p>Adh\u00e9sif sp\u00e9cial pour les produits cosm\u00e9tiques pour les ongles.<\/p>\n<ul>\n<li>Propri\u00e9t\u00e9s : base cyanoacrylate<\/li>\n<li>Effet : adh\u00e8re en quelques secondes<\/li>\n<li>D\u00e9tails : facile \u00e0 appliquer avec le pinceau dans le capuchon, consistance moyennement visqueuse<\/li>\n<\/ul>\n","protected":false},"excerpt":{"rendered":"<p>Colle sp\u00e9ciale pour la cosm\u00e9tique de l\u2019ongle<\/p>\n","protected":false},"featured_media":8232,"comment_status":"closed","ping_status":"closed","template":"","meta":{"_acf_changed":false},"product_brand":[],"product_cat":[5012,5670,1538,4936,1532,4949,4761],"product_tag":[2715],"class_list":{"0":"post-8950","1":"product","2":"type-product","3":"status-publish","4":"has-post-thumbnail","6":"product_cat-manucure-chablons","7":"product_cat-colle","8":"product_cat-colle-tips-formes-fr","9":"product_cat-lcn-fr","10":"product_cat-materiels","11":"product_cat-lcn-ongles-artificiels","12":"product_cat-pose-ongles","13":"product_tag-lcn-fr","15":"first","16":"instock","17":"taxable","18":"shipping-taxable","19":"product-type-simple"},"acf":[],"_links":{"self":[{"href":"https:\/\/sundar.be\/fr\/wp-json\/wp\/v2\/product\/8950","targetHints":{"allow":["GET"]}}],"collection":[{"href":"https:\/\/sundar.be\/fr\/wp-json\/wp\/v2\/product"}],"about":[{"href":"https:\/\/sundar.be\/fr\/wp-json\/wp\/v2\/types\/product"}],"replies":[{"embeddable":true,"href":"https:\/\/sundar.be\/fr\/wp-json\/wp\/v2\/comments?post=8950"}],"wp:featuredmedia":[{"embeddable":true,"href":"https:\/\/sundar.be\/fr\/wp-json\/wp\/v2\/media\/8232"}],"wp:attachment":[{"href":"https:\/\/sundar.be\/fr\/wp-json\/wp\/v2\/media?parent=8950"}],"wp:term":[{"taxonomy":"product_brand","embeddable":true,"href":"https:\/\/sundar.be\/fr\/wp-json\/wp\/v2\/product_brand?post=8950"},{"taxonomy":"product_cat","embeddable":true,"href":"https:\/\/sundar.be\/fr\/wp-json\/wp\/v2\/product_cat?post=8950"},{"taxonomy":"product_tag","embeddable":true,"href":"https:\/\/sundar.be\/fr\/wp-json\/wp\/v2\/product_tag?post=8950"}],"curies":[{"name":"wp","href":"https:\/\/api.w.org\/{rel}","templated":true}]}}