{"id":8943,"date":"2021-09-29T10:18:21","date_gmt":"2021-09-29T08:18:21","guid":{"rendered":"https:\/\/sundar.be\/product\/banana-buffer-white\/"},"modified":"2025-11-25T15:37:54","modified_gmt":"2025-11-25T14:37:54","slug":"polissoir-oval-blanc","status":"publish","type":"product","link":"https:\/\/sundar.be\/fr\/produit\/polissoir-oval-blanc\/","title":{"rendered":"LCN Banana Buffer 120\/240 (6 pi\u00e8ces)"},"content":{"rendered":"<p>Id\u00e9al pour la pr\u00e9paration des ongles naturels<br \/>&#8211; Grit : 120\/240<br \/>\n&#8211; 6 limes \/ paquet<\/p>\n","protected":false},"excerpt":{"rendered":"<p>Id\u00e9al pour la pr\u00e9paration des ongles naturels&#8211; Grit : 120\/240 &#8211; 6 limes \/ paquet<\/p>\n","protected":false},"featured_media":8218,"comment_status":"closed","ping_status":"closed","template":"","meta":{"_acf_changed":false},"product_brand":[],"product_cat":[5633,4936,1535,5629,1532,4949,4761],"product_tag":[2715],"class_list":{"0":"post-8943","1":"product","2":"type-product","3":"status-publish","4":"has-post-thumbnail","6":"product_cat-blocs-polissoirs","7":"product_cat-lcn-fr","8":"product_cat-limes-fr","9":"product_cat-manucure-limes","10":"product_cat-materiels","11":"product_cat-lcn-ongles-artificiels","12":"product_cat-pose-ongles","13":"product_tag-lcn-fr","15":"first","16":"instock","17":"taxable","18":"shipping-taxable","19":"product-type-simple"},"acf":[],"_links":{"self":[{"href":"https:\/\/sundar.be\/fr\/wp-json\/wp\/v2\/product\/8943","targetHints":{"allow":["GET"]}}],"collection":[{"href":"https:\/\/sundar.be\/fr\/wp-json\/wp\/v2\/product"}],"about":[{"href":"https:\/\/sundar.be\/fr\/wp-json\/wp\/v2\/types\/product"}],"replies":[{"embeddable":true,"href":"https:\/\/sundar.be\/fr\/wp-json\/wp\/v2\/comments?post=8943"}],"wp:featuredmedia":[{"embeddable":true,"href":"https:\/\/sundar.be\/fr\/wp-json\/wp\/v2\/media\/8218"}],"wp:attachment":[{"href":"https:\/\/sundar.be\/fr\/wp-json\/wp\/v2\/media?parent=8943"}],"wp:term":[{"taxonomy":"product_brand","embeddable":true,"href":"https:\/\/sundar.be\/fr\/wp-json\/wp\/v2\/product_brand?post=8943"},{"taxonomy":"product_cat","embeddable":true,"href":"https:\/\/sundar.be\/fr\/wp-json\/wp\/v2\/product_cat?post=8943"},{"taxonomy":"product_tag","embeddable":true,"href":"https:\/\/sundar.be\/fr\/wp-json\/wp\/v2\/product_tag?post=8943"}],"curies":[{"name":"wp","href":"https:\/\/api.w.org\/{rel}","templated":true}]}}