{"id":8941,"date":"2021-09-29T10:18:21","date_gmt":"2021-09-29T08:18:21","guid":{"rendered":"https:\/\/sundar.be\/product\/callus-file-modern-line\/"},"modified":"2025-02-20T12:43:25","modified_gmt":"2025-02-20T11:43:25","slug":"callus-file-modern-line","status":"publish","type":"product","link":"https:\/\/sundar.be\/fr\/produit\/callus-file-modern-line\/","title":{"rendered":"Callus File Modern Line"},"content":{"rendered":"<p>La lime \u00e0 callosit\u00e9s Modern Line tient bien dans la main et \u00e9limine les callosit\u00e9s de mani\u00e8re compl\u00e8te et efficace.<\/p>\n<ul>\n<li>Lavable et d\u00e9sinfectable.<\/li>\n<li>Grit: 80\/120<\/li>\n<li>1 pi\u00e8ce<\/li>\n<\/ul>\n","protected":false},"excerpt":{"rendered":"<p>La lime \u00e0 callosit\u00e9s Modern Line tient bien dans la main et \u00e9limine les callosit\u00e9s de mani\u00e8re compl\u00e8te et efficace. Lavable et d\u00e9sinfectable. Grit: 80\/120 1 pi\u00e8ce<\/p>\n","protected":false},"featured_media":8214,"comment_status":"closed","ping_status":"closed","template":"","meta":{"_acf_changed":false},"product_brand":[],"product_cat":[4759,4755],"product_tag":[2715],"class_list":{"0":"post-8941","1":"product","2":"type-product","3":"status-publish","4":"has-post-thumbnail","6":"product_cat-limes-de-pied","7":"product_cat-pedicure","8":"product_tag-lcn-fr","10":"first","11":"instock","12":"taxable","13":"shipping-taxable","14":"product-type-simple"},"acf":[],"_links":{"self":[{"href":"https:\/\/sundar.be\/fr\/wp-json\/wp\/v2\/product\/8941","targetHints":{"allow":["GET"]}}],"collection":[{"href":"https:\/\/sundar.be\/fr\/wp-json\/wp\/v2\/product"}],"about":[{"href":"https:\/\/sundar.be\/fr\/wp-json\/wp\/v2\/types\/product"}],"replies":[{"embeddable":true,"href":"https:\/\/sundar.be\/fr\/wp-json\/wp\/v2\/comments?post=8941"}],"wp:featuredmedia":[{"embeddable":true,"href":"https:\/\/sundar.be\/fr\/wp-json\/wp\/v2\/media\/8214"}],"wp:attachment":[{"href":"https:\/\/sundar.be\/fr\/wp-json\/wp\/v2\/media?parent=8941"}],"wp:term":[{"taxonomy":"product_brand","embeddable":true,"href":"https:\/\/sundar.be\/fr\/wp-json\/wp\/v2\/product_brand?post=8941"},{"taxonomy":"product_cat","embeddable":true,"href":"https:\/\/sundar.be\/fr\/wp-json\/wp\/v2\/product_cat?post=8941"},{"taxonomy":"product_tag","embeddable":true,"href":"https:\/\/sundar.be\/fr\/wp-json\/wp\/v2\/product_tag?post=8941"}],"curies":[{"name":"wp","href":"https:\/\/api.w.org\/{rel}","templated":true}]}}