{"id":8939,"date":"2021-09-29T10:18:21","date_gmt":"2021-09-29T08:18:21","guid":{"rendered":"https:\/\/sundar.be\/product\/glass-file\/"},"modified":"2025-11-25T15:37:58","modified_gmt":"2025-11-25T14:37:58","slug":"lime-en-verre","status":"publish","type":"product","link":"https:\/\/sundar.be\/fr\/produit\/lime-en-verre\/","title":{"rendered":"LCN Lime en Verre"},"content":{"rendered":"<p>La surface fine de la lime en verre permet de modeler les ongles naturels de la meilleure fa\u00e7on possible. Le limage pr\u00e9vient les d\u00e9chirures et le d\u00e9doublement des ongles.<br \/>&#8211; Lavable<br \/>\n&#8211; 1 pi\u00e8ce<\/p>\n","protected":false},"excerpt":{"rendered":"<p>La surface fine de la lime en verre permet de modeler les ongles naturels de la meilleure fa\u00e7on possible. Le limage pr\u00e9vient les d\u00e9chirures et le d\u00e9doublement des ongles.&#8211; Lavable &#8211; 1 pi\u00e8ce<\/p>\n","protected":false},"featured_media":19849,"comment_status":"closed","ping_status":"closed","template":"","meta":{"_acf_changed":false},"product_brand":[],"product_cat":[4936,5629,1535,5636,1532,4949,4761],"product_tag":[2715],"class_list":{"0":"post-8939","1":"product","2":"type-product","3":"status-publish","4":"has-post-thumbnail","6":"product_cat-lcn-fr","7":"product_cat-manucure-limes","8":"product_cat-limes-fr","9":"product_cat-limes-en-verre-fr","10":"product_cat-materiels","11":"product_cat-lcn-ongles-artificiels","12":"product_cat-pose-ongles","13":"product_tag-lcn-fr","15":"first","16":"instock","17":"taxable","18":"shipping-taxable","19":"product-type-simple"},"acf":[],"_links":{"self":[{"href":"https:\/\/sundar.be\/fr\/wp-json\/wp\/v2\/product\/8939","targetHints":{"allow":["GET"]}}],"collection":[{"href":"https:\/\/sundar.be\/fr\/wp-json\/wp\/v2\/product"}],"about":[{"href":"https:\/\/sundar.be\/fr\/wp-json\/wp\/v2\/types\/product"}],"replies":[{"embeddable":true,"href":"https:\/\/sundar.be\/fr\/wp-json\/wp\/v2\/comments?post=8939"}],"wp:featuredmedia":[{"embeddable":true,"href":"https:\/\/sundar.be\/fr\/wp-json\/wp\/v2\/media\/19849"}],"wp:attachment":[{"href":"https:\/\/sundar.be\/fr\/wp-json\/wp\/v2\/media?parent=8939"}],"wp:term":[{"taxonomy":"product_brand","embeddable":true,"href":"https:\/\/sundar.be\/fr\/wp-json\/wp\/v2\/product_brand?post=8939"},{"taxonomy":"product_cat","embeddable":true,"href":"https:\/\/sundar.be\/fr\/wp-json\/wp\/v2\/product_cat?post=8939"},{"taxonomy":"product_tag","embeddable":true,"href":"https:\/\/sundar.be\/fr\/wp-json\/wp\/v2\/product_tag?post=8939"}],"curies":[{"name":"wp","href":"https:\/\/api.w.org\/{rel}","templated":true}]}}