{"id":8932,"date":"2021-09-29T10:18:16","date_gmt":"2021-09-29T08:18:16","guid":{"rendered":"https:\/\/sundar.be\/product\/zebra-profi-file-leaf\/"},"modified":"2025-11-25T15:38:37","modified_gmt":"2025-11-25T14:38:37","slug":"lime-professionnelle-zebra-leaf","status":"publish","type":"product","link":"https:\/\/sundar.be\/fr\/produit\/lime-professionnelle-zebra-leaf\/","title":{"rendered":"LCN Zebra Profi Vijl Leaf 100\/180 (6 pi\u00e8ces)"},"content":{"rendered":"<p>La lime professionnelle, arrondie des deux c\u00f4t\u00e9s, tient parfaitement dans la main. Noyau \u00e9pais et couche d\u2019isolation fine pour une surface de lime plus r\u00e9sistante \u00e0 l\u2019usure.<br \/>\n&#8211; Nettoyable avec un spray d\u00e9sinfectant<br \/>\n&#8211; Grit : 100\/180<br \/>&#8211; 6 limes \/ paquet<\/p>\n","protected":false},"excerpt":{"rendered":"<p>La lime professionnelle, arrondie des deux c\u00f4t\u00e9s, tient parfaitement dans la main. Noyau \u00e9pais et couche d\u2019isolation fine pour une surface de lime plus r\u00e9sistante \u00e0 l\u2019usure. &#8211; Nettoyable avec un spray d\u00e9sinfectant &#8211; Grit : 100\/180&#8211; 6 limes \/ paquet<\/p>\n","protected":false},"featured_media":8199,"comment_status":"closed","ping_status":"closed","template":"","meta":{"_acf_changed":false},"product_brand":[],"product_cat":[4936,1535,5629,5632,1532,4949,4761],"product_tag":[2715],"class_list":{"0":"post-8932","1":"product","2":"type-product","3":"status-publish","4":"has-post-thumbnail","6":"product_cat-lcn-fr","7":"product_cat-limes-fr","8":"product_cat-manucure-limes","9":"product_cat-limes-droites","10":"product_cat-materiels","11":"product_cat-lcn-ongles-artificiels","12":"product_cat-pose-ongles","13":"product_tag-lcn-fr","15":"first","16":"instock","17":"taxable","18":"shipping-taxable","19":"product-type-simple"},"acf":[],"_links":{"self":[{"href":"https:\/\/sundar.be\/fr\/wp-json\/wp\/v2\/product\/8932","targetHints":{"allow":["GET"]}}],"collection":[{"href":"https:\/\/sundar.be\/fr\/wp-json\/wp\/v2\/product"}],"about":[{"href":"https:\/\/sundar.be\/fr\/wp-json\/wp\/v2\/types\/product"}],"replies":[{"embeddable":true,"href":"https:\/\/sundar.be\/fr\/wp-json\/wp\/v2\/comments?post=8932"}],"wp:featuredmedia":[{"embeddable":true,"href":"https:\/\/sundar.be\/fr\/wp-json\/wp\/v2\/media\/8199"}],"wp:attachment":[{"href":"https:\/\/sundar.be\/fr\/wp-json\/wp\/v2\/media?parent=8932"}],"wp:term":[{"taxonomy":"product_brand","embeddable":true,"href":"https:\/\/sundar.be\/fr\/wp-json\/wp\/v2\/product_brand?post=8932"},{"taxonomy":"product_cat","embeddable":true,"href":"https:\/\/sundar.be\/fr\/wp-json\/wp\/v2\/product_cat?post=8932"},{"taxonomy":"product_tag","embeddable":true,"href":"https:\/\/sundar.be\/fr\/wp-json\/wp\/v2\/product_tag?post=8932"}],"curies":[{"name":"wp","href":"https:\/\/api.w.org\/{rel}","templated":true}]}}