{"id":8924,"date":"2021-09-29T10:18:16","date_gmt":"2021-09-29T08:18:16","guid":{"rendered":"https:\/\/sundar.be\/product\/profi-bow-yellow-white\/"},"modified":"2025-11-25T15:38:45","modified_gmt":"2025-11-25T14:38:45","slug":"lime-profi-bow-jaune-blanc-6-pieces","status":"publish","type":"product","link":"https:\/\/sundar.be\/fr\/produit\/lime-profi-bow-jaune-blanc-6-pieces\/","title":{"rendered":"LCN Profi Lime Courb\u00e9 Jaune\/Blanc 100\/240 (6 pi\u00e8ces)"},"content":{"rendered":"<p>Garantit un travail ergonomique gr\u00e2ce \u00e0 sa forme l\u00e9g\u00e8rement courb\u00e9e<br \/>&#8211; Nettoyable avec un spray d\u00e9sinfectant<br \/>\n&#8211; Grit : 100\/240<br \/>\n&#8211; 6 limes \/ paquet<\/p>\n","protected":false},"excerpt":{"rendered":"<p>Garantit un travail ergonomique gr\u00e2ce \u00e0 sa forme l\u00e9g\u00e8rement courb\u00e9e&#8211; Nettoyable avec un spray d\u00e9sinfectant &#8211; Grit : 100\/240 &#8211; 6 limes \/ paquet<\/p>\n","protected":false},"featured_media":8183,"comment_status":"closed","ping_status":"closed","template":"","meta":{"_acf_changed":false},"product_brand":[],"product_cat":[4936,5629,1535,5630,1532,4949,4761],"product_tag":[2715],"class_list":{"0":"post-8924","1":"product","2":"type-product","3":"status-publish","4":"has-post-thumbnail","6":"product_cat-lcn-fr","7":"product_cat-manucure-limes","8":"product_cat-limes-fr","9":"product_cat-limes-demi-lune","10":"product_cat-materiels","11":"product_cat-lcn-ongles-artificiels","12":"product_cat-pose-ongles","13":"product_tag-lcn-fr","15":"first","16":"instock","17":"taxable","18":"shipping-taxable","19":"product-type-simple"},"acf":[],"_links":{"self":[{"href":"https:\/\/sundar.be\/fr\/wp-json\/wp\/v2\/product\/8924","targetHints":{"allow":["GET"]}}],"collection":[{"href":"https:\/\/sundar.be\/fr\/wp-json\/wp\/v2\/product"}],"about":[{"href":"https:\/\/sundar.be\/fr\/wp-json\/wp\/v2\/types\/product"}],"replies":[{"embeddable":true,"href":"https:\/\/sundar.be\/fr\/wp-json\/wp\/v2\/comments?post=8924"}],"wp:featuredmedia":[{"embeddable":true,"href":"https:\/\/sundar.be\/fr\/wp-json\/wp\/v2\/media\/8183"}],"wp:attachment":[{"href":"https:\/\/sundar.be\/fr\/wp-json\/wp\/v2\/media?parent=8924"}],"wp:term":[{"taxonomy":"product_brand","embeddable":true,"href":"https:\/\/sundar.be\/fr\/wp-json\/wp\/v2\/product_brand?post=8924"},{"taxonomy":"product_cat","embeddable":true,"href":"https:\/\/sundar.be\/fr\/wp-json\/wp\/v2\/product_cat?post=8924"},{"taxonomy":"product_tag","embeddable":true,"href":"https:\/\/sundar.be\/fr\/wp-json\/wp\/v2\/product_tag?post=8924"}],"curies":[{"name":"wp","href":"https:\/\/api.w.org\/{rel}","templated":true}]}}