{"id":8918,"date":"2021-09-29T10:18:16","date_gmt":"2021-09-29T08:18:16","guid":{"rendered":"https:\/\/sundar.be\/product\/professional-spot-swirl\/"},"modified":"2025-11-25T15:37:46","modified_gmt":"2025-11-25T14:37:46","slug":"professional-spot-swirl","status":"publish","type":"product","link":"https:\/\/sundar.be\/fr\/produit\/professional-spot-swirl\/","title":{"rendered":"LCN Professional Spot Swirl"},"content":{"rendered":"<p><strong>Le Spot Swirl double face au design \u00e9l\u00e9gant peut \u00eatre utilis\u00e9 pour diverses applications :<\/strong><\/p>\n<ul>\n<li>Application de strass<\/li>\n<li>Application d&rsquo;autocollants pour le Nail Art<\/li>\n<li>Cr\u00e9ations individuelles de Nail Art<\/li>\n<li>Manucure fran\u00e7aise-looks<\/li>\n<\/ul>\n","protected":false},"excerpt":{"rendered":"<p>Le Spot Swirl double face au design \u00e9l\u00e9gant peut \u00eatre utilis\u00e9 pour diverses applications : Application de strass Application d&rsquo;autocollants pour le Nail Art Cr\u00e9ations individuelles de Nail Art Manucure fran\u00e7aise-looks<\/p>\n","protected":false},"featured_media":19648,"comment_status":"closed","ping_status":"closed","template":"","meta":{"_acf_changed":false},"product_brand":[],"product_cat":[4936,1532,4949,1533,5010,5617,1429,4761],"product_tag":[2715],"class_list":{"0":"post-8918","1":"product","2":"type-product","3":"status-publish","4":"has-post-thumbnail","6":"product_cat-lcn-fr","7":"product_cat-materiels","8":"product_cat-lcn-ongles-artificiels","9":"product_cat-pinceaux","10":"product_cat-manucure-pinceaux","11":"product_cat-pinceaux-nail-art","12":"product_cat-pinces-instruments","13":"product_cat-pose-ongles","14":"product_tag-lcn-fr","16":"first","17":"instock","18":"taxable","19":"shipping-taxable","20":"product-type-simple"},"acf":[],"_links":{"self":[{"href":"https:\/\/sundar.be\/fr\/wp-json\/wp\/v2\/product\/8918","targetHints":{"allow":["GET"]}}],"collection":[{"href":"https:\/\/sundar.be\/fr\/wp-json\/wp\/v2\/product"}],"about":[{"href":"https:\/\/sundar.be\/fr\/wp-json\/wp\/v2\/types\/product"}],"replies":[{"embeddable":true,"href":"https:\/\/sundar.be\/fr\/wp-json\/wp\/v2\/comments?post=8918"}],"wp:featuredmedia":[{"embeddable":true,"href":"https:\/\/sundar.be\/fr\/wp-json\/wp\/v2\/media\/19648"}],"wp:attachment":[{"href":"https:\/\/sundar.be\/fr\/wp-json\/wp\/v2\/media?parent=8918"}],"wp:term":[{"taxonomy":"product_brand","embeddable":true,"href":"https:\/\/sundar.be\/fr\/wp-json\/wp\/v2\/product_brand?post=8918"},{"taxonomy":"product_cat","embeddable":true,"href":"https:\/\/sundar.be\/fr\/wp-json\/wp\/v2\/product_cat?post=8918"},{"taxonomy":"product_tag","embeddable":true,"href":"https:\/\/sundar.be\/fr\/wp-json\/wp\/v2\/product_tag?post=8918"}],"curies":[{"name":"wp","href":"https:\/\/api.w.org\/{rel}","templated":true}]}}