{"id":8911,"date":"2021-09-29T10:18:07","date_gmt":"2021-09-29T08:18:07","guid":{"rendered":"https:\/\/sundar.be\/product\/nail-art-brush-white-glimmerstone\/"},"modified":"2025-11-25T15:41:07","modified_gmt":"2025-11-25T14:41:07","slug":"nail-art-brush-white-glimmerstone","status":"publish","type":"product","link":"https:\/\/sundar.be\/fr\/produit\/nail-art-brush-white-glimmerstone\/","title":{"rendered":"LCN Nail Art Brush &lsquo;white glimmerstone&rsquo;"},"content":{"rendered":"<p>Pinceau de Nail Art v\u00e9g\u00e9talien extr\u00eamement fin en cheveux artificiels, ex\u00e9cut\u00e9 avec des pierres paillet\u00e9es et un capuchon suppl\u00e9mentaire. De cette fa\u00e7on, votre pinceau est toujours prot\u00e9g\u00e9 de la lumi\u00e8re du soleil. Id\u00e9al pour dessiner des lignes tr\u00e8s fines et des embellissements.<\/p>\n","protected":false},"excerpt":{"rendered":"<p>Pinceau de Nail Art v\u00e9g\u00e9talien extr\u00eamement fin en cheveux artificiels, ex\u00e9cut\u00e9 avec des pierres paillet\u00e9es et un capuchon suppl\u00e9mentaire. De cette fa\u00e7on, votre pinceau est toujours prot\u00e9g\u00e9 de la lumi\u00e8re du soleil. Id\u00e9al pour dessiner des lignes tr\u00e8s fines et des embellissements.<\/p>\n","protected":false},"featured_media":26090,"comment_status":"closed","ping_status":"closed","template":"","meta":{"_acf_changed":false},"product_brand":[],"product_cat":[4936,1532,4949,5010,1533,5617,4761],"product_tag":[2715],"class_list":{"0":"post-8911","1":"product","2":"type-product","3":"status-publish","4":"has-post-thumbnail","6":"product_cat-lcn-fr","7":"product_cat-materiels","8":"product_cat-lcn-ongles-artificiels","9":"product_cat-manucure-pinceaux","10":"product_cat-pinceaux","11":"product_cat-pinceaux-nail-art","12":"product_cat-pose-ongles","13":"product_tag-lcn-fr","15":"first","16":"instock","17":"taxable","18":"shipping-taxable","19":"product-type-simple"},"acf":[],"_links":{"self":[{"href":"https:\/\/sundar.be\/fr\/wp-json\/wp\/v2\/product\/8911","targetHints":{"allow":["GET"]}}],"collection":[{"href":"https:\/\/sundar.be\/fr\/wp-json\/wp\/v2\/product"}],"about":[{"href":"https:\/\/sundar.be\/fr\/wp-json\/wp\/v2\/types\/product"}],"replies":[{"embeddable":true,"href":"https:\/\/sundar.be\/fr\/wp-json\/wp\/v2\/comments?post=8911"}],"wp:featuredmedia":[{"embeddable":true,"href":"https:\/\/sundar.be\/fr\/wp-json\/wp\/v2\/media\/26090"}],"wp:attachment":[{"href":"https:\/\/sundar.be\/fr\/wp-json\/wp\/v2\/media?parent=8911"}],"wp:term":[{"taxonomy":"product_brand","embeddable":true,"href":"https:\/\/sundar.be\/fr\/wp-json\/wp\/v2\/product_brand?post=8911"},{"taxonomy":"product_cat","embeddable":true,"href":"https:\/\/sundar.be\/fr\/wp-json\/wp\/v2\/product_cat?post=8911"},{"taxonomy":"product_tag","embeddable":true,"href":"https:\/\/sundar.be\/fr\/wp-json\/wp\/v2\/product_tag?post=8911"}],"curies":[{"name":"wp","href":"https:\/\/api.w.org\/{rel}","templated":true}]}}