{"id":8907,"date":"2021-09-29T10:18:07","date_gmt":"2021-09-29T08:18:07","guid":{"rendered":"https:\/\/sundar.be\/product\/connex-brush\/"},"modified":"2025-11-25T15:40:56","modified_gmt":"2025-11-25T14:40:56","slug":"connex-brush","status":"publish","type":"product","link":"https:\/\/sundar.be\/fr\/produit\/connex-brush\/","title":{"rendered":"LCN Connex Brush"},"content":{"rendered":"<p>Brosse fine en poils synth\u00e9tiques v\u00e9g\u00e9taliens avec manche en bois pour le traitement de Connex Plus.<\/p>\n","protected":false},"excerpt":{"rendered":"<p>Brosse fine en poils synth\u00e9tiques v\u00e9g\u00e9taliens avec manche en bois pour le traitement de Connex Plus.<\/p>\n","protected":false},"featured_media":26086,"comment_status":"closed","ping_status":"closed","template":"","meta":{"_acf_changed":false},"product_brand":[],"product_cat":[4936,5060,1532,4949,4755,1533,5010,5619,4761,5059],"product_tag":[2715],"class_list":{"0":"post-8907","1":"product","2":"type-product","3":"status-publish","4":"has-post-thumbnail","6":"product_cat-lcn-fr","7":"product_cat-reparation-wilde-pedique","8":"product_cat-materiels","9":"product_cat-lcn-ongles-artificiels","10":"product_cat-pedicure","11":"product_cat-pinceaux","12":"product_cat-manucure-pinceaux","13":"product_cat-pinceaux-gel","14":"product_cat-pose-ongles","15":"product_cat-reparation-ongles","16":"product_tag-lcn-fr","18":"first","19":"instock","20":"taxable","21":"shipping-taxable","22":"product-type-simple"},"acf":[],"_links":{"self":[{"href":"https:\/\/sundar.be\/fr\/wp-json\/wp\/v2\/product\/8907","targetHints":{"allow":["GET"]}}],"collection":[{"href":"https:\/\/sundar.be\/fr\/wp-json\/wp\/v2\/product"}],"about":[{"href":"https:\/\/sundar.be\/fr\/wp-json\/wp\/v2\/types\/product"}],"replies":[{"embeddable":true,"href":"https:\/\/sundar.be\/fr\/wp-json\/wp\/v2\/comments?post=8907"}],"wp:featuredmedia":[{"embeddable":true,"href":"https:\/\/sundar.be\/fr\/wp-json\/wp\/v2\/media\/26086"}],"wp:attachment":[{"href":"https:\/\/sundar.be\/fr\/wp-json\/wp\/v2\/media?parent=8907"}],"wp:term":[{"taxonomy":"product_brand","embeddable":true,"href":"https:\/\/sundar.be\/fr\/wp-json\/wp\/v2\/product_brand?post=8907"},{"taxonomy":"product_cat","embeddable":true,"href":"https:\/\/sundar.be\/fr\/wp-json\/wp\/v2\/product_cat?post=8907"},{"taxonomy":"product_tag","embeddable":true,"href":"https:\/\/sundar.be\/fr\/wp-json\/wp\/v2\/product_tag?post=8907"}],"curies":[{"name":"wp","href":"https:\/\/api.w.org\/{rel}","templated":true}]}}