{"id":8903,"date":"2021-09-29T10:18:07","date_gmt":"2021-09-29T08:18:07","guid":{"rendered":"https:\/\/sundar.be\/product\/gel-sculpting-brush-flat\/"},"modified":"2025-11-25T15:40:59","modified_gmt":"2025-11-25T14:40:59","slug":"gel-sculpting-brush-flat","status":"publish","type":"product","link":"https:\/\/sundar.be\/fr\/produit\/gel-sculpting-brush-flat\/","title":{"rendered":"LCN Gel Sculpting Brush"},"content":{"rendered":"<p>Pinceau v\u00e9g\u00e9talien en poils synth\u00e9tiques, \u00e0 bout pointu ou plat et \u00e0 manche court en bois.<\/p>\n","protected":false},"excerpt":{"rendered":"<p>Pinceau v\u00e9g\u00e9talien en poils synth\u00e9tiques, \u00e0 bout pointu ou plat et \u00e0 manche court en bois.<\/p>\n","protected":false},"featured_media":26083,"comment_status":"closed","ping_status":"closed","template":"","meta":{"_acf_changed":false},"product_brand":[],"product_cat":[4936,1532,4949,5010,1533,5619,1429,4761],"product_tag":[2715],"class_list":{"0":"post-8903","1":"product","2":"type-product","3":"status-publish","4":"has-post-thumbnail","6":"product_cat-lcn-fr","7":"product_cat-materiels","8":"product_cat-lcn-ongles-artificiels","9":"product_cat-manucure-pinceaux","10":"product_cat-pinceaux","11":"product_cat-pinceaux-gel","12":"product_cat-pinces-instruments","13":"product_cat-pose-ongles","14":"product_tag-lcn-fr","15":"pa_vorm-flat-fr","16":"pa_vorm-pointed-fr","18":"first","19":"instock","20":"taxable","21":"shipping-taxable","22":"product-type-variable"},"acf":[],"_links":{"self":[{"href":"https:\/\/sundar.be\/fr\/wp-json\/wp\/v2\/product\/8903","targetHints":{"allow":["GET"]}}],"collection":[{"href":"https:\/\/sundar.be\/fr\/wp-json\/wp\/v2\/product"}],"about":[{"href":"https:\/\/sundar.be\/fr\/wp-json\/wp\/v2\/types\/product"}],"replies":[{"embeddable":true,"href":"https:\/\/sundar.be\/fr\/wp-json\/wp\/v2\/comments?post=8903"}],"wp:featuredmedia":[{"embeddable":true,"href":"https:\/\/sundar.be\/fr\/wp-json\/wp\/v2\/media\/26083"}],"wp:attachment":[{"href":"https:\/\/sundar.be\/fr\/wp-json\/wp\/v2\/media?parent=8903"}],"wp:term":[{"taxonomy":"product_brand","embeddable":true,"href":"https:\/\/sundar.be\/fr\/wp-json\/wp\/v2\/product_brand?post=8903"},{"taxonomy":"product_cat","embeddable":true,"href":"https:\/\/sundar.be\/fr\/wp-json\/wp\/v2\/product_cat?post=8903"},{"taxonomy":"product_tag","embeddable":true,"href":"https:\/\/sundar.be\/fr\/wp-json\/wp\/v2\/product_tag?post=8903"}],"curies":[{"name":"wp","href":"https:\/\/api.w.org\/{rel}","templated":true}]}}