{"id":8880,"date":"2021-09-29T10:18:03","date_gmt":"2021-09-29T08:18:03","guid":{"rendered":"https:\/\/sundar.be\/product\/natural-nail-boost-oil-16ml\/"},"modified":"2025-11-25T15:42:12","modified_gmt":"2025-11-25T14:42:12","slug":"natural-nail-boost-oil-16ml","status":"publish","type":"product","link":"https:\/\/sundar.be\/fr\/produit\/natural-nail-boost-oil-16ml\/","title":{"rendered":"LCN Natural Nail Boost Oil 16ml"},"content":{"rendered":"<p data-start=\"88\" data-end=\"471\"><strong>Natural Nail Boost Oil<\/strong> est une huile pour ongles intens\u00e9ment nourrissante, formul\u00e9e \u00e0 partir d\u2019un m\u00e9lange puissant d\u2019huiles v\u00e9g\u00e9tales naturelles et de vitamines pour renforcer, hydrater et prot\u00e9ger les ongles et les cuticules. Sa texture l\u00e9g\u00e8re et rapidement absorb\u00e9e aide \u00e0 r\u00e9parer les ongles secs, cass\u00e9s ou fragilis\u00e9s et soutient une croissance des ongles saine, brillante et robuste. <\/p>\n","protected":false},"excerpt":{"rendered":"<p>Natural Nail Boost Oil nourrit en profondeur les ongles et les cuticules et am\u00e9liore visiblement la r\u00e9sistance, la souplesse et l\u2019\u00e9clat des ongles. Avec une utilisation r\u00e9guli\u00e8re, les ongles deviennent moins cassants, poussent plus sainement et les cuticules restent douces et soign\u00e9es. <\/p>\n","protected":false},"featured_media":8101,"comment_status":"closed","ping_status":"closed","template":"","meta":{"_acf_changed":false},"product_brand":[],"product_cat":[4951,6214,4970,4936,6217,4949,4761,1477,6196,2772,1467,4907],"product_tag":[2715],"class_list":{"0":"post-8880","1":"product","2":"type-product","3":"status-publish","4":"has-post-thumbnail","6":"product_cat-lcn-ongles-artificiels-gels-uv-premium","7":"product_cat-lcn-ongles-artificielles-highlights","8":"product_cat-manucure-huiles-ongles","9":"product_cat-lcn-fr","10":"product_cat-lcn-ongles-artificielles-highlights-nnb","11":"product_cat-lcn-ongles-artificiels","12":"product_cat-pose-ongles","13":"product_cat-lcn-soins-ongles-regeneration","14":"product_cat-lcn-ongles-artificielles-uv-gels-premium-reforcement-ongles-naturel","15":"product_cat-manucure-soin-mains","16":"product_cat-lcn-soin-des-ongles","17":"product_cat-soins","18":"product_tag-lcn-fr","20":"first","21":"instock","22":"taxable","23":"shipping-taxable","24":"product-type-simple"},"acf":[],"_links":{"self":[{"href":"https:\/\/sundar.be\/fr\/wp-json\/wp\/v2\/product\/8880","targetHints":{"allow":["GET"]}}],"collection":[{"href":"https:\/\/sundar.be\/fr\/wp-json\/wp\/v2\/product"}],"about":[{"href":"https:\/\/sundar.be\/fr\/wp-json\/wp\/v2\/types\/product"}],"replies":[{"embeddable":true,"href":"https:\/\/sundar.be\/fr\/wp-json\/wp\/v2\/comments?post=8880"}],"wp:featuredmedia":[{"embeddable":true,"href":"https:\/\/sundar.be\/fr\/wp-json\/wp\/v2\/media\/8101"}],"wp:attachment":[{"href":"https:\/\/sundar.be\/fr\/wp-json\/wp\/v2\/media?parent=8880"}],"wp:term":[{"taxonomy":"product_brand","embeddable":true,"href":"https:\/\/sundar.be\/fr\/wp-json\/wp\/v2\/product_brand?post=8880"},{"taxonomy":"product_cat","embeddable":true,"href":"https:\/\/sundar.be\/fr\/wp-json\/wp\/v2\/product_cat?post=8880"},{"taxonomy":"product_tag","embeddable":true,"href":"https:\/\/sundar.be\/fr\/wp-json\/wp\/v2\/product_tag?post=8880"}],"curies":[{"name":"wp","href":"https:\/\/api.w.org\/{rel}","templated":true}]}}