{"id":8879,"date":"2021-09-29T10:18:03","date_gmt":"2021-09-29T08:18:03","guid":{"rendered":"https:\/\/sundar.be\/product\/natural-nail-boost-cream-15ml\/"},"modified":"2025-11-25T15:41:04","modified_gmt":"2025-11-25T14:41:04","slug":"natural-nail-boost-cream-15ml","status":"publish","type":"product","link":"https:\/\/sundar.be\/fr\/produit\/natural-nail-boost-cream-15ml\/","title":{"rendered":"LCN Natural Nail Boost Cream 15ml"},"content":{"rendered":"<p data-start=\"87\" data-end=\"491\"><strong>Natural Nail Boost Cream <\/strong>est une cr\u00e8me nourrissante et r\u00e9paratrice pour les ongles con\u00e7\u00e9e pour rendre les ongles secs, cassants et fragilis\u00e9s \u00e0 nouveau forts, souples et en pleine sant\u00e9. Sa texture riche hydrate en profondeur les ongles et les cuticules, soutient la r\u00e9g\u00e9n\u00e9ration et aide \u00e0 pr\u00e9venir la casse, le d\u00e9doublement et le dess\u00e8chement. <\/p>\n","protected":false},"excerpt":{"rendered":"<p>Natural Nail Boost Cream renforce et hydrate intens\u00e9ment les ongles tout en am\u00e9liorant visiblement leur souplesse et leur r\u00e9sistance. Avec une utilisation r\u00e9guli\u00e8re, les ongles deviennent plus lisses, plus r\u00e9sistants et moins sujets aux fissures et au d\u00e9doublement. <\/p>\n","protected":false},"featured_media":8099,"comment_status":"closed","ping_status":"closed","template":"","meta":{"_acf_changed":false},"product_brand":[],"product_cat":[5079,4951,6214,4936,6217,4949,4761,1477,6196,5077,1467,4907],"product_tag":[2715],"class_list":{"0":"post-8879","1":"product","2":"type-product","3":"status-publish","4":"has-post-thumbnail","6":"product_cat-creme-ongles","7":"product_cat-lcn-ongles-artificiels-gels-uv-premium","8":"product_cat-lcn-ongles-artificielles-highlights","9":"product_cat-lcn-fr","10":"product_cat-lcn-ongles-artificielles-highlights-nnb","11":"product_cat-lcn-ongles-artificiels","12":"product_cat-pose-ongles","13":"product_cat-lcn-soins-ongles-regeneration","14":"product_cat-lcn-ongles-artificielles-uv-gels-premium-reforcement-ongles-naturel","15":"product_cat-manucure-soin-des-ongles","16":"product_cat-lcn-soin-des-ongles","17":"product_cat-soins","18":"product_tag-lcn-fr","20":"first","21":"instock","22":"taxable","23":"shipping-taxable","24":"product-type-simple"},"acf":[],"_links":{"self":[{"href":"https:\/\/sundar.be\/fr\/wp-json\/wp\/v2\/product\/8879","targetHints":{"allow":["GET"]}}],"collection":[{"href":"https:\/\/sundar.be\/fr\/wp-json\/wp\/v2\/product"}],"about":[{"href":"https:\/\/sundar.be\/fr\/wp-json\/wp\/v2\/types\/product"}],"replies":[{"embeddable":true,"href":"https:\/\/sundar.be\/fr\/wp-json\/wp\/v2\/comments?post=8879"}],"wp:featuredmedia":[{"embeddable":true,"href":"https:\/\/sundar.be\/fr\/wp-json\/wp\/v2\/media\/8099"}],"wp:attachment":[{"href":"https:\/\/sundar.be\/fr\/wp-json\/wp\/v2\/media?parent=8879"}],"wp:term":[{"taxonomy":"product_brand","embeddable":true,"href":"https:\/\/sundar.be\/fr\/wp-json\/wp\/v2\/product_brand?post=8879"},{"taxonomy":"product_cat","embeddable":true,"href":"https:\/\/sundar.be\/fr\/wp-json\/wp\/v2\/product_cat?post=8879"},{"taxonomy":"product_tag","embeddable":true,"href":"https:\/\/sundar.be\/fr\/wp-json\/wp\/v2\/product_tag?post=8879"}],"curies":[{"name":"wp","href":"https:\/\/api.w.org\/{rel}","templated":true}]}}