{"id":8828,"date":"2021-09-29T10:17:52","date_gmt":"2021-09-29T08:17:52","guid":{"rendered":"https:\/\/sundar.be\/product\/recolution-sealer\/"},"modified":"2025-11-25T15:44:13","modified_gmt":"2025-11-25T14:44:13","slug":"recolution-sealer","status":"publish","type":"product","link":"https:\/\/sundar.be\/fr\/produit\/recolution-sealer\/","title":{"rendered":"LCN Recolution Sealer 10ml"},"content":{"rendered":"<p><strong data-start=\"171\" data-end=\"192\">Recolution Sealer<\/strong> est un top gel ultra brillant et extr\u00eamement durable, sp\u00e9cialement formul\u00e9 pour prot\u00e9ger et sublimer les couleurs Recolution. Sa formule cr\u00e9e une couche solide, flexible et r\u00e9sistante aux rayures, garantissant une brillance durable m\u00eame en cas d\u2019usage intensif des mains. Gr\u00e2ce \u00e0 sa viscosit\u00e9 optimale, le produit s\u2019\u00e9galise parfaitement sans couler vers les cuticules et offre un \u00e9clat cristallin qui ne jaunit pas et ne ternit pas. Le sealer poss\u00e8de une <strong data-start=\"656\" data-end=\"668\">couche collante (sticky layer)<\/strong> et est enti\u00e8rement <strong data-start=\"684\" data-end=\"726\">compatible avec toutes les couleurs Recolution<\/strong>, assurant une adh\u00e9rence parfaite et une tenue maximale.   <\/p>\n","protected":false},"excerpt":{"rendered":"<p data-start=\"842\" data-end=\"1069\">Recolution Sealer est un top gel brillant avec couche collante qui prot\u00e8ge les couleurs Recolution contre les rayures, la d\u00e9coloration et la perte de brillance. Il forme une couche sup\u00e9rieure flexible, durable et \u00e9clatante qui reste impeccable pendant plusieurs semaines. <\/p>\n","protected":false},"featured_media":8001,"comment_status":"closed","ping_status":"closed","template":"","meta":{"_acf_changed":false},"product_brand":[],"product_cat":[4936,4954,4952],"product_tag":[2715],"class_list":{"0":"post-8828","1":"product","2":"type-product","3":"status-publish","4":"has-post-thumbnail","6":"product_cat-lcn-fr","7":"product_cat-lcn-systemes-de-couleur-recolution-advanced","8":"product_cat-lcn-systemes-de-couleur","9":"product_tag-lcn-fr","11":"first","12":"instock","13":"taxable","14":"shipping-taxable","15":"product-type-simple"},"acf":[],"_links":{"self":[{"href":"https:\/\/sundar.be\/fr\/wp-json\/wp\/v2\/product\/8828","targetHints":{"allow":["GET"]}}],"collection":[{"href":"https:\/\/sundar.be\/fr\/wp-json\/wp\/v2\/product"}],"about":[{"href":"https:\/\/sundar.be\/fr\/wp-json\/wp\/v2\/types\/product"}],"replies":[{"embeddable":true,"href":"https:\/\/sundar.be\/fr\/wp-json\/wp\/v2\/comments?post=8828"}],"wp:featuredmedia":[{"embeddable":true,"href":"https:\/\/sundar.be\/fr\/wp-json\/wp\/v2\/media\/8001"}],"wp:attachment":[{"href":"https:\/\/sundar.be\/fr\/wp-json\/wp\/v2\/media?parent=8828"}],"wp:term":[{"taxonomy":"product_brand","embeddable":true,"href":"https:\/\/sundar.be\/fr\/wp-json\/wp\/v2\/product_brand?post=8828"},{"taxonomy":"product_cat","embeddable":true,"href":"https:\/\/sundar.be\/fr\/wp-json\/wp\/v2\/product_cat?post=8828"},{"taxonomy":"product_tag","embeddable":true,"href":"https:\/\/sundar.be\/fr\/wp-json\/wp\/v2\/product_tag?post=8828"}],"curies":[{"name":"wp","href":"https:\/\/api.w.org\/{rel}","templated":true}]}}