{"id":8827,"date":"2021-09-29T10:17:52","date_gmt":"2021-09-29T08:17:52","guid":{"rendered":"https:\/\/sundar.be\/product\/recolution-bond\/"},"modified":"2025-11-25T15:44:19","modified_gmt":"2025-11-25T14:44:19","slug":"recolution-bond","status":"publish","type":"product","link":"https:\/\/sundar.be\/fr\/produit\/recolution-bond\/","title":{"rendered":"LCN Recolution Bond 10ml"},"content":{"rendered":"<p>Adh\u00e9rence du syst\u00e8me de recoloration LCN Recolution Bond est une suture fine, visqueuse et soluble du syst\u00e8me de recoloration.<\/p>\n","protected":false},"excerpt":{"rendered":"<p>Primer pour le syst\u00e8me Recolution Advanced.<\/p>\n","protected":false},"featured_media":7999,"comment_status":"closed","ping_status":"closed","template":"","meta":{"_acf_changed":false},"product_brand":[],"product_cat":[4936,4954,4952],"product_tag":[2715],"class_list":{"0":"post-8827","1":"product","2":"type-product","3":"status-publish","4":"has-post-thumbnail","6":"product_cat-lcn-fr","7":"product_cat-lcn-systemes-de-couleur-recolution-advanced","8":"product_cat-lcn-systemes-de-couleur","9":"product_tag-lcn-fr","11":"first","12":"instock","13":"taxable","14":"shipping-taxable","15":"product-type-simple"},"acf":[],"_links":{"self":[{"href":"https:\/\/sundar.be\/fr\/wp-json\/wp\/v2\/product\/8827","targetHints":{"allow":["GET"]}}],"collection":[{"href":"https:\/\/sundar.be\/fr\/wp-json\/wp\/v2\/product"}],"about":[{"href":"https:\/\/sundar.be\/fr\/wp-json\/wp\/v2\/types\/product"}],"replies":[{"embeddable":true,"href":"https:\/\/sundar.be\/fr\/wp-json\/wp\/v2\/comments?post=8827"}],"wp:featuredmedia":[{"embeddable":true,"href":"https:\/\/sundar.be\/fr\/wp-json\/wp\/v2\/media\/7999"}],"wp:attachment":[{"href":"https:\/\/sundar.be\/fr\/wp-json\/wp\/v2\/media?parent=8827"}],"wp:term":[{"taxonomy":"product_brand","embeddable":true,"href":"https:\/\/sundar.be\/fr\/wp-json\/wp\/v2\/product_brand?post=8827"},{"taxonomy":"product_cat","embeddable":true,"href":"https:\/\/sundar.be\/fr\/wp-json\/wp\/v2\/product_cat?post=8827"},{"taxonomy":"product_tag","embeddable":true,"href":"https:\/\/sundar.be\/fr\/wp-json\/wp\/v2\/product_tag?post=8827"}],"curies":[{"name":"wp","href":"https:\/\/api.w.org\/{rel}","templated":true}]}}