{"id":8813,"date":"2021-09-29T10:17:46","date_gmt":"2021-09-29T08:17:46","guid":{"rendered":"https:\/\/sundar.be\/product\/sealant-uv-sealing-gel-with-brush-15ml-clear\/"},"modified":"2025-11-25T15:44:09","modified_gmt":"2025-11-25T14:44:09","slug":"sealant-uv-sealing-gel-with-brush-15ml-clear","status":"publish","type":"product","link":"https:\/\/sundar.be\/fr\/produit\/sealant-uv-sealing-gel-with-brush-15ml-clear\/","title":{"rendered":"LCN Sealant UV-Sealing Gel with Brush 15ml Clear"},"content":{"rendered":"<p><strong data-start=\"225\" data-end=\"273\">Sealant UV-Sealing Gel with Brush 15ml Clear<\/strong> est un scellant UV \u00e0 haute brillance, ultra r\u00e9sistant aux rayures, con\u00e7u pour prot\u00e9ger durablement toutes les poses en gel, acrylique et polygel. Sa formule de scellement flexible ferme compl\u00e8tement le mat\u00e9riau artificiel et emp\u00eache le jaunissement, les fissures et l\u2019aspect terne. Gr\u00e2ce au pinceau int\u00e9gr\u00e9, le gel s\u2019applique facilement, rapidement et sans traces \u2014 id\u00e9al pour une finition professionnelle sans couche collante. La formule transparente assure une finition cristalline qui met en valeur la couleur, les paillettes ou le baby-boomer.   <\/p>\n","protected":false},"excerpt":{"rendered":"<p data-start=\"811\" data-end=\"1050\">Sealant UV-Sealing Gel with Brush offre une finition extr\u00eamement durable, r\u00e9sistante et brillante avec une excellente protection contre les rayures. La formule claire et auto-\u00e9galisante prot\u00e8ge toutes les proth\u00e8ses ongulaires et reste \u00e9clatante pendant plusieurs semaines sans jaunissement. <\/p>\n","protected":false},"featured_media":7971,"comment_status":"closed","ping_status":"closed","template":"","meta":{"_acf_changed":false},"product_brand":[],"product_cat":[4951,4936,4949,4964],"product_tag":[2715],"class_list":{"0":"post-8813","1":"product","2":"type-product","3":"status-publish","4":"has-post-thumbnail","6":"product_cat-lcn-ongles-artificiels-gels-uv-premium","7":"product_cat-lcn-fr","8":"product_cat-lcn-ongles-artificiels","9":"product_cat-lcn-ongles-artificiels-gels-uv-premium-scellement","10":"product_tag-lcn-fr","12":"first","13":"instock","14":"taxable","15":"shipping-taxable","16":"product-type-simple"},"acf":[],"_links":{"self":[{"href":"https:\/\/sundar.be\/fr\/wp-json\/wp\/v2\/product\/8813","targetHints":{"allow":["GET"]}}],"collection":[{"href":"https:\/\/sundar.be\/fr\/wp-json\/wp\/v2\/product"}],"about":[{"href":"https:\/\/sundar.be\/fr\/wp-json\/wp\/v2\/types\/product"}],"replies":[{"embeddable":true,"href":"https:\/\/sundar.be\/fr\/wp-json\/wp\/v2\/comments?post=8813"}],"wp:featuredmedia":[{"embeddable":true,"href":"https:\/\/sundar.be\/fr\/wp-json\/wp\/v2\/media\/7971"}],"wp:attachment":[{"href":"https:\/\/sundar.be\/fr\/wp-json\/wp\/v2\/media?parent=8813"}],"wp:term":[{"taxonomy":"product_brand","embeddable":true,"href":"https:\/\/sundar.be\/fr\/wp-json\/wp\/v2\/product_brand?post=8813"},{"taxonomy":"product_cat","embeddable":true,"href":"https:\/\/sundar.be\/fr\/wp-json\/wp\/v2\/product_cat?post=8813"},{"taxonomy":"product_tag","embeddable":true,"href":"https:\/\/sundar.be\/fr\/wp-json\/wp\/v2\/product_tag?post=8813"}],"curies":[{"name":"wp","href":"https:\/\/api.w.org\/{rel}","templated":true}]}}