{"id":8774,"date":"2021-09-29T10:17:33","date_gmt":"2021-09-29T08:17:33","guid":{"rendered":"https:\/\/sundar.be\/product\/super-gel-3-in-1\/"},"modified":"2025-11-25T15:44:20","modified_gmt":"2025-11-25T14:44:20","slug":"super-gel-3-in-1","status":"publish","type":"product","link":"https:\/\/sundar.be\/fr\/produit\/super-gel-3-in-1\/","title":{"rendered":"LCN Super Gel 3 in 1"},"content":{"rendered":"<p><strong data-start=\"201\" data-end=\"221\">Super Gel 3 en 1<\/strong> est un gel de construction professionnel offrant une r\u00e9sistance, une adh\u00e9rence et une flexibilit\u00e9 exceptionnelles. Gr\u00e2ce \u00e0 sa texture auto-\u00e9galisante, le gel est id\u00e9al pour les extensions, le renforcement et la construction naturelle de l\u2019ongle. Il polym\u00e9rise sous UV\/LED et garantit un r\u00e9sultat durable, r\u00e9sistant aux rayures et dot\u00e9 d\u2019une brillance intense. La gamme se d\u00e9cline en cinq teintes incontournables : <strong data-start=\"592\" data-end=\"650\">Milky White, Clear, French, Naked Ros\u00e9 et Natural Ros\u00e9<\/strong>, permettant de r\u00e9aliser tous les styles \u2013 du naturel \u00e0 la French ou au babyboomer.   <\/p>\n","protected":false},"excerpt":{"rendered":"<p>Super Gel 3 en 1 est un gel de construction puissant et auto-\u00e9galisant, con\u00e7u pour l\u2019extension et le renforcement de l\u2019ongle naturel avec une adh\u00e9rence longue dur\u00e9e et une finition brillante. Disponible en cinq couleurs pour une finition parfaite quel que soit le style d\u2019ongle souhait\u00e9. <\/p>\n","protected":false},"featured_media":26552,"comment_status":"closed","ping_status":"closed","template":"","meta":{"_acf_changed":false},"product_brand":[],"product_cat":[6193,4951,6214,4936,4949,6216],"product_tag":[2715],"class_list":{"0":"post-8774","1":"product","2":"type-product","3":"status-publish","4":"has-post-thumbnail","6":"product_cat-lcn-ongles-artificielles-uv-gels-premium-gels-de-construction","7":"product_cat-lcn-ongles-artificiels-gels-uv-premium","8":"product_cat-lcn-ongles-artificielles-highlights","9":"product_cat-lcn-fr","10":"product_cat-lcn-ongles-artificiels","11":"product_cat-lcn-ongles-artificielles-highlights-super-gel","12":"product_tag-lcn-fr","13":"pa_inhoud-100-ml-fr","14":"pa_inhoud-20-ml-fr","15":"pa_kleur-clear","16":"pa_kleur-french","17":"pa_kleur-milky-white","18":"pa_kleur-naked-rose","19":"pa_kleur-natural-rose","21":"first","22":"instock","23":"taxable","24":"shipping-taxable","25":"product-type-variable"},"acf":[],"_links":{"self":[{"href":"https:\/\/sundar.be\/fr\/wp-json\/wp\/v2\/product\/8774","targetHints":{"allow":["GET"]}}],"collection":[{"href":"https:\/\/sundar.be\/fr\/wp-json\/wp\/v2\/product"}],"about":[{"href":"https:\/\/sundar.be\/fr\/wp-json\/wp\/v2\/types\/product"}],"replies":[{"embeddable":true,"href":"https:\/\/sundar.be\/fr\/wp-json\/wp\/v2\/comments?post=8774"}],"wp:featuredmedia":[{"embeddable":true,"href":"https:\/\/sundar.be\/fr\/wp-json\/wp\/v2\/media\/26552"}],"wp:attachment":[{"href":"https:\/\/sundar.be\/fr\/wp-json\/wp\/v2\/media?parent=8774"}],"wp:term":[{"taxonomy":"product_brand","embeddable":true,"href":"https:\/\/sundar.be\/fr\/wp-json\/wp\/v2\/product_brand?post=8774"},{"taxonomy":"product_cat","embeddable":true,"href":"https:\/\/sundar.be\/fr\/wp-json\/wp\/v2\/product_cat?post=8774"},{"taxonomy":"product_tag","embeddable":true,"href":"https:\/\/sundar.be\/fr\/wp-json\/wp\/v2\/product_tag?post=8774"}],"curies":[{"name":"wp","href":"https:\/\/api.w.org\/{rel}","templated":true}]}}