{"id":8751,"date":"2021-09-29T10:17:25","date_gmt":"2021-09-29T08:17:25","guid":{"rendered":"https:\/\/sundar.be\/product\/paraffine-verwarmer\/"},"modified":"2025-11-25T15:46:10","modified_gmt":"2025-11-25T14:46:10","slug":"paraffine-verwarmer","status":"publish","type":"product","link":"https:\/\/sundar.be\/fr\/produit\/paraffine-verwarmer\/","title":{"rendered":"LCN Chauffe-paraffine"},"content":{"rendered":"<p><strong data-start=\"309\" data-end=\"347\">Le Chauffe-paraffine \u2013 Appareil de pulv\u00e9risation<\/strong> est un dispositif professionnel con\u00e7u pour chauffer rapidement et uniform\u00e9ment la paraffine destin\u00e9e \u00e0 des usages esth\u00e9tiques et th\u00e9rapeutiques. L\u2019appareil porte la paraffine \u00e0 une temp\u00e9rature de travail optimale et constante, sans risque de surchauffe ni de variations de temp\u00e9rature.<\/p>\n","protected":false},"excerpt":{"rendered":"<p>Le Chauffe-paraffine \u2013 Appareil de pulv\u00e9risation est un dispositif professionnel con\u00e7u pour chauffer rapidement et uniform\u00e9ment la paraffine destin\u00e9e \u00e0 des usages esth\u00e9tiques et th\u00e9rapeutiques. L\u2019appareil porte la paraffine \u00e0 une temp\u00e9rature de travail optimale et constante, sans risque de surchauffe ni de variations de temp\u00e9rature.<\/p>\n","protected":false},"featured_media":19358,"comment_status":"closed","ping_status":"closed","template":"","meta":{"_acf_changed":false},"product_brand":[],"product_cat":[4936,4755,4761,1427,1568,2772,4907,1443],"product_tag":[2715],"class_list":{"0":"post-8751","1":"product","2":"type-product","3":"status-publish","4":"has-post-thumbnail","6":"product_cat-lcn-fr","7":"product_cat-pedicure","8":"product_cat-pose-ongles","9":"product_cat-lcn-soin-de-pieds","10":"product_cat-lcn-soin-de-spa","11":"product_cat-manucure-soin-mains","12":"product_cat-soins","13":"product_cat-traitement-paraffine","14":"product_tag-lcn-fr","16":"first","17":"instock","18":"taxable","19":"shipping-taxable","20":"product-type-simple"},"acf":[],"_links":{"self":[{"href":"https:\/\/sundar.be\/fr\/wp-json\/wp\/v2\/product\/8751","targetHints":{"allow":["GET"]}}],"collection":[{"href":"https:\/\/sundar.be\/fr\/wp-json\/wp\/v2\/product"}],"about":[{"href":"https:\/\/sundar.be\/fr\/wp-json\/wp\/v2\/types\/product"}],"replies":[{"embeddable":true,"href":"https:\/\/sundar.be\/fr\/wp-json\/wp\/v2\/comments?post=8751"}],"wp:featuredmedia":[{"embeddable":true,"href":"https:\/\/sundar.be\/fr\/wp-json\/wp\/v2\/media\/19358"}],"wp:attachment":[{"href":"https:\/\/sundar.be\/fr\/wp-json\/wp\/v2\/media?parent=8751"}],"wp:term":[{"taxonomy":"product_brand","embeddable":true,"href":"https:\/\/sundar.be\/fr\/wp-json\/wp\/v2\/product_brand?post=8751"},{"taxonomy":"product_cat","embeddable":true,"href":"https:\/\/sundar.be\/fr\/wp-json\/wp\/v2\/product_cat?post=8751"},{"taxonomy":"product_tag","embeddable":true,"href":"https:\/\/sundar.be\/fr\/wp-json\/wp\/v2\/product_tag?post=8751"}],"curies":[{"name":"wp","href":"https:\/\/api.w.org\/{rel}","templated":true}]}}