{"id":8750,"date":"2021-09-29T10:17:25","date_gmt":"2021-09-29T08:17:25","guid":{"rendered":"https:\/\/sundar.be\/product\/paraffinspray\/"},"modified":"2025-11-25T15:46:49","modified_gmt":"2025-11-25T14:46:49","slug":"paraffinspray","status":"publish","type":"product","link":"https:\/\/sundar.be\/fr\/produit\/paraffinspray\/","title":{"rendered":"LCN Paraffine spray"},"content":{"rendered":"<p>Le <strong data-start=\"168\" data-end=\"187\">Spray de paraffine<\/strong> est une formule liquide innovante qui s\u2019applique facilement en pulv\u00e9risation pour les soins cosm\u00e9tiques et th\u00e9rapeutiques des mains, des pieds et du corps. Sa composition riche forme une couche protectrice, chaude et hydratante qui adoucit intens\u00e9ment la peau, la nourrit et la rend souple. Gr\u00e2ce \u00e0 la technologie de pulv\u00e9risation, aucun bain ou pinceau n\u2019est n\u00e9cessaire : une application rapide, hygi\u00e9nique et uniforme en un seul geste.  <\/p>\n<p>&nbsp;<\/p>\n","protected":false},"excerpt":{"rendered":"<p>Le Spray de paraffine est une paraffine liquide nourrissante qui hydrate, adoucit et prot\u00e8ge imm\u00e9diatement la peau. La pulv\u00e9risation permet une application rapide, uniforme et hygi\u00e9nique, sans perte de produit. <\/p>\n","protected":false},"featured_media":25948,"comment_status":"closed","ping_status":"closed","template":"","meta":{"_acf_changed":false},"product_brand":[],"product_cat":[4936,4755,4761,1427,1568,2772,4907,1443],"product_tag":[2715],"class_list":{"0":"post-8750","1":"product","2":"type-product","3":"status-publish","4":"has-post-thumbnail","6":"product_cat-lcn-fr","7":"product_cat-pedicure","8":"product_cat-pose-ongles","9":"product_cat-lcn-soin-de-pieds","10":"product_cat-lcn-soin-de-spa","11":"product_cat-manucure-soin-mains","12":"product_cat-soins","13":"product_cat-traitement-paraffine","14":"product_tag-lcn-fr","15":"pa_vorm-paraffin-spray-6pcs-fr","16":"pa_vorm-replacement-nozzle-1pc-fr","18":"first","19":"instock","20":"taxable","21":"shipping-taxable","22":"product-type-variable"},"acf":[],"_links":{"self":[{"href":"https:\/\/sundar.be\/fr\/wp-json\/wp\/v2\/product\/8750","targetHints":{"allow":["GET"]}}],"collection":[{"href":"https:\/\/sundar.be\/fr\/wp-json\/wp\/v2\/product"}],"about":[{"href":"https:\/\/sundar.be\/fr\/wp-json\/wp\/v2\/types\/product"}],"replies":[{"embeddable":true,"href":"https:\/\/sundar.be\/fr\/wp-json\/wp\/v2\/comments?post=8750"}],"wp:featuredmedia":[{"embeddable":true,"href":"https:\/\/sundar.be\/fr\/wp-json\/wp\/v2\/media\/25948"}],"wp:attachment":[{"href":"https:\/\/sundar.be\/fr\/wp-json\/wp\/v2\/media?parent=8750"}],"wp:term":[{"taxonomy":"product_brand","embeddable":true,"href":"https:\/\/sundar.be\/fr\/wp-json\/wp\/v2\/product_brand?post=8750"},{"taxonomy":"product_cat","embeddable":true,"href":"https:\/\/sundar.be\/fr\/wp-json\/wp\/v2\/product_cat?post=8750"},{"taxonomy":"product_tag","embeddable":true,"href":"https:\/\/sundar.be\/fr\/wp-json\/wp\/v2\/product_tag?post=8750"}],"curies":[{"name":"wp","href":"https:\/\/api.w.org\/{rel}","templated":true}]}}