{"id":8742,"date":"2021-09-29T10:17:25","date_gmt":"2021-09-29T08:17:25","guid":{"rendered":"https:\/\/sundar.be\/product\/super-gel-werkdisplay\/"},"modified":"2025-11-25T15:44:17","modified_gmt":"2025-11-25T14:44:17","slug":"super-gel-werkdisplay","status":"publish","type":"product","link":"https:\/\/sundar.be\/fr\/produit\/super-gel-werkdisplay\/","title":{"rendered":"LCN Super Gel Pr\u00e9snetoir de Travail"},"content":{"rendered":"<p>Le pr\u00e9sentoir de travail Super Gel contient toutes les couleurs des gels 3-en-1 bien-aim\u00e9s pour pr\u00e9senter le produit de la meilleure fa\u00e7on possible en studio ou en salon :<\/p>\n<ul>\n<li>Super Gel Clear, 20ml<\/li>\n<li>Super Gel Naked Ros\u00e9, 20ml<\/li>\n<li>Super Gel Natural Ros\u00e9, 20ml<\/li>\n<li>Super Gel French, 20ml<\/li>\n<\/ul>\n<p>Gr\u00e2ce aux petits points de couleur sur l&rsquo;\u00e9cran, les clients peuvent facilement voir les diff\u00e9rentes variantes de couleur.<\/p>\n<p>Le pr\u00e9sentoir comprend \u00e9galement le pinceau Nail Art gel NA1, fabriqu\u00e9 \u00e0 partir d&rsquo;une fibre artificielle Biotech. Il est optimal pour le traitement du Super Gel 3 en 1.<\/p>\n","protected":false},"excerpt":{"rendered":"<p>Le pr\u00e9sentoir de travail Super Gel contient toutes les couleurs des gels 3-en-1 bien-aim\u00e9s pour pr\u00e9senter le produit de la meilleure fa\u00e7on possible en studio ou en salon : Super Gel Clear, 20ml Super Gel Naked Ros\u00e9, 20ml Super Gel Natural Ros\u00e9, 20ml Super Gel French, 20ml Gr\u00e2ce aux petits points de couleur sur l&rsquo;\u00e9cran, [&hellip;]<\/p>\n","protected":false},"featured_media":26009,"comment_status":"closed","ping_status":"closed","template":"","meta":{"_acf_changed":false},"product_brand":[],"product_cat":[6193,4951,6214,4936,4949,6216],"product_tag":[2715],"class_list":{"0":"post-8742","1":"product","2":"type-product","3":"status-publish","4":"has-post-thumbnail","6":"product_cat-lcn-ongles-artificielles-uv-gels-premium-gels-de-construction","7":"product_cat-lcn-ongles-artificiels-gels-uv-premium","8":"product_cat-lcn-ongles-artificielles-highlights","9":"product_cat-lcn-fr","10":"product_cat-lcn-ongles-artificiels","11":"product_cat-lcn-ongles-artificielles-highlights-super-gel","12":"product_tag-lcn-fr","14":"first","15":"instock","16":"taxable","17":"shipping-taxable","18":"product-type-simple"},"acf":[],"_links":{"self":[{"href":"https:\/\/sundar.be\/fr\/wp-json\/wp\/v2\/product\/8742","targetHints":{"allow":["GET"]}}],"collection":[{"href":"https:\/\/sundar.be\/fr\/wp-json\/wp\/v2\/product"}],"about":[{"href":"https:\/\/sundar.be\/fr\/wp-json\/wp\/v2\/types\/product"}],"replies":[{"embeddable":true,"href":"https:\/\/sundar.be\/fr\/wp-json\/wp\/v2\/comments?post=8742"}],"wp:featuredmedia":[{"embeddable":true,"href":"https:\/\/sundar.be\/fr\/wp-json\/wp\/v2\/media\/26009"}],"wp:attachment":[{"href":"https:\/\/sundar.be\/fr\/wp-json\/wp\/v2\/media?parent=8742"}],"wp:term":[{"taxonomy":"product_brand","embeddable":true,"href":"https:\/\/sundar.be\/fr\/wp-json\/wp\/v2\/product_brand?post=8742"},{"taxonomy":"product_cat","embeddable":true,"href":"https:\/\/sundar.be\/fr\/wp-json\/wp\/v2\/product_cat?post=8742"},{"taxonomy":"product_tag","embeddable":true,"href":"https:\/\/sundar.be\/fr\/wp-json\/wp\/v2\/product_tag?post=8742"}],"curies":[{"name":"wp","href":"https:\/\/api.w.org\/{rel}","templated":true}]}}