{"id":8698,"date":"2021-09-29T10:17:09","date_gmt":"2021-09-29T08:17:09","guid":{"rendered":"https:\/\/sundar.be\/product\/colour-chart-true-nail-polish-200pcs\/"},"modified":"2025-11-25T15:44:14","modified_gmt":"2025-11-25T14:44:14","slug":"colour-chart-true-nail-polish-200pcs","status":"publish","type":"product","link":"https:\/\/sundar.be\/fr\/produit\/colour-chart-true-nail-polish-200pcs\/","title":{"rendered":"LCN True Colour Chart Nail Polish 200pcs"},"content":{"rendered":"<p>Nuancier des couleurs de vernis \u00e0 ongles LCN avec les num\u00e9ros d&rsquo;articles correspondants de la gamme standard. Palette en acrylique robuste contenant 200 couleurs de vernis \u00e0 ongles LCN. Facilitez le choix de la couleur par les clientes de votre studio de manucure gr\u00e2ce \u00e0 cette pr\u00e9sentation professionnelle des couleurs.<\/p>\n","protected":false},"excerpt":{"rendered":"<p>Nuancier des couleurs de vernis \u00e0 ongles LCN avec les num\u00e9ros d&rsquo;articles correspondants de la gamme standard. Palette en acrylique robuste contenant 200 couleurs de vernis \u00e0 ongles LCN. Facilitez le choix de la couleur par les clientes de votre studio de manucure gr\u00e2ce \u00e0 cette pr\u00e9sentation professionnelle des couleurs.<\/p>\n","protected":false},"featured_media":7758,"comment_status":"closed","ping_status":"closed","template":"","meta":{"_acf_changed":false},"product_brand":[],"product_cat":[1577,4936,6263,6309,2555,4761,1573,4952,4957],"product_tag":[2715],"class_list":{"0":"post-8698","1":"product","2":"type-product","3":"status-publish","4":"has-post-thumbnail","6":"product_cat-carts-de-couleurs","7":"product_cat-lcn-fr","8":"product_cat-lcn-marketing-merchandise","9":"product_cat-lcn-merch-nuanciers-couleurs","10":"product_cat-palettes-de-couleurs","11":"product_cat-pose-ongles","12":"product_cat-salon-marketing-tools-fr","13":"product_cat-lcn-systemes-de-couleur","14":"product_cat-lcn-systemes-de-couleur-vernis-ongles","15":"product_tag-lcn-fr","17":"first","18":"instock","19":"taxable","20":"shipping-taxable","21":"product-type-simple"},"acf":[],"_links":{"self":[{"href":"https:\/\/sundar.be\/fr\/wp-json\/wp\/v2\/product\/8698","targetHints":{"allow":["GET"]}}],"collection":[{"href":"https:\/\/sundar.be\/fr\/wp-json\/wp\/v2\/product"}],"about":[{"href":"https:\/\/sundar.be\/fr\/wp-json\/wp\/v2\/types\/product"}],"replies":[{"embeddable":true,"href":"https:\/\/sundar.be\/fr\/wp-json\/wp\/v2\/comments?post=8698"}],"wp:featuredmedia":[{"embeddable":true,"href":"https:\/\/sundar.be\/fr\/wp-json\/wp\/v2\/media\/7758"}],"wp:attachment":[{"href":"https:\/\/sundar.be\/fr\/wp-json\/wp\/v2\/media?parent=8698"}],"wp:term":[{"taxonomy":"product_brand","embeddable":true,"href":"https:\/\/sundar.be\/fr\/wp-json\/wp\/v2\/product_brand?post=8698"},{"taxonomy":"product_cat","embeddable":true,"href":"https:\/\/sundar.be\/fr\/wp-json\/wp\/v2\/product_cat?post=8698"},{"taxonomy":"product_tag","embeddable":true,"href":"https:\/\/sundar.be\/fr\/wp-json\/wp\/v2\/product_tag?post=8698"}],"curies":[{"name":"wp","href":"https:\/\/api.w.org\/{rel}","templated":true}]}}