{"id":60942,"date":"2026-04-20T15:48:55","date_gmt":"2026-04-20T13:48:55","guid":{"rendered":"https:\/\/sundar.be\/product\/lcn-lavncoco-nail-shot-11-ml\/"},"modified":"2026-04-20T15:51:52","modified_gmt":"2026-04-20T13:51:52","slug":"lcn-lavncoco-nail-shot-11-ml","status":"publish","type":"product","link":"https:\/\/sundar.be\/fr\/produit\/lcn-lavncoco-nail-shot-11-ml\/","title":{"rendered":"LCN Lav&rsquo;n&rsquo;Coco Nail Shot, 11 ml"},"content":{"rendered":"<p data-start=\"156\" data-end=\"527\"><span style=\"color: #557e96;\"><strong data-start=\"182\" data-end=\"206\">Lav&rsquo;n&rsquo;Coco Nail Shot<\/strong><\/span> est un soin intensif nourrissant et r\u00e9parateur pour les ongles secs, cassants et les cuticules ab\u00eem\u00e9es. Cette formule enrichie en ingr\u00e9dients hydratants et en huiles naturelles comme l\u2019huile d\u2019amande douce, l\u2019huile d\u2019olive et la lavande aide \u00e0 renforcer les ongles tout en prenant soin de leur contour. <\/p>\n<p data-start=\"529\" data-end=\"804\">Gr\u00e2ce \u00e0 sa texture l\u00e9g\u00e8re et rapidement absorb\u00e9e, le Nail Shot p\u00e9n\u00e8tre en profondeur sans laisser de film gras. Id\u00e9al pour une utilisation quotidienne, \u00e0 domicile ou en institut de beaut\u00e9, pour des ongles visiblement plus sains, forts et brillants. <\/p>\n","protected":false},"excerpt":{"rendered":"<p data-start=\"811\" data-end=\"1063\"><span style=\"color: #557e96;\"><strong data-start=\"847\" data-end=\"871\">Lav&rsquo;n&rsquo;Coco Nail Shot<\/strong><\/span> est un s\u00e9rum intensif qui renforce les ongles et hydrate les cuticules. Sa formule aux huiles naturelles et actifs hydratants assure des ongles sains, nourris et brillants. <\/p>\n","protected":false},"featured_media":60937,"comment_status":"open","ping_status":"closed","template":"","meta":{"_acf_changed":false},"product_brand":[],"product_cat":[6229,4936,6325,6231,1477,5085,6223,1467,5077,4907,6237],"product_tag":[],"class_list":{"0":"post-60942","1":"product","2":"type-product","3":"status-publish","4":"has-post-thumbnail","6":"product_cat-lcn-soins-highlights","7":"product_cat-lcn-fr","8":"product_cat-webshop-manucure","9":"product_cat-lcn-soins-highlights-nails-shots","10":"product_cat-lcn-soins-ongles-regeneration","11":"product_cat-manucure-serum-ongles","12":"product_cat-lcn-soins-des-ongles-soin-de-base","13":"product_cat-lcn-soin-des-ongles","14":"product_cat-manucure-soin-des-ongles","15":"product_cat-soins","16":"product_cat-studio-lcn","18":"first","19":"instock","20":"taxable","21":"shipping-taxable","22":"product-type-simple"},"acf":[],"_links":{"self":[{"href":"https:\/\/sundar.be\/fr\/wp-json\/wp\/v2\/product\/60942","targetHints":{"allow":["GET"]}}],"collection":[{"href":"https:\/\/sundar.be\/fr\/wp-json\/wp\/v2\/product"}],"about":[{"href":"https:\/\/sundar.be\/fr\/wp-json\/wp\/v2\/types\/product"}],"replies":[{"embeddable":true,"href":"https:\/\/sundar.be\/fr\/wp-json\/wp\/v2\/comments?post=60942"}],"wp:featuredmedia":[{"embeddable":true,"href":"https:\/\/sundar.be\/fr\/wp-json\/wp\/v2\/media\/60937"}],"wp:attachment":[{"href":"https:\/\/sundar.be\/fr\/wp-json\/wp\/v2\/media?parent=60942"}],"wp:term":[{"taxonomy":"product_brand","embeddable":true,"href":"https:\/\/sundar.be\/fr\/wp-json\/wp\/v2\/product_brand?post=60942"},{"taxonomy":"product_cat","embeddable":true,"href":"https:\/\/sundar.be\/fr\/wp-json\/wp\/v2\/product_cat?post=60942"},{"taxonomy":"product_tag","embeddable":true,"href":"https:\/\/sundar.be\/fr\/wp-json\/wp\/v2\/product_tag?post=60942"}],"curies":[{"name":"wp","href":"https:\/\/api.w.org\/{rel}","templated":true}]}}