{"id":59526,"date":"2026-03-17T08:33:55","date_gmt":"2026-03-17T07:33:55","guid":{"rendered":"https:\/\/sundar.be\/product\/epitact-digitubes-cors\/"},"modified":"2026-03-19T08:34:25","modified_gmt":"2026-03-19T07:34:25","slug":"epitact-digitubes-cors","status":"publish","type":"product","link":"https:\/\/sundar.be\/fr\/produit\/epitact-digitubes-cors\/","title":{"rendered":"Epitact Digitubes (Cors)"},"content":{"rendered":"<p><b>D\u2019un cor ou d\u2019un \u0153il-de-perdrix <\/b> (entre les orteils) ? Utilisez les<b> EPITACT<sup>\u00ae<\/sup> DIGITUBES<sup>\u00ae<\/sup> !<\/b> <\/p>\n<p>Gr\u00e2ce au gel silicone <b>EPITHELIUM\u2122<\/b> int\u00e9gr\u00e9, les Digitubes aident \u00e0 <b>pr\u00e9venir les cors ainsi que les douleurs caus\u00e9es par les frottements et les pressions excessives<\/b>.<\/p>\n<p>Con\u00e7us sans couture pour \u00e9viter toute irritation cutan\u00e9e, les <b>DIGITUBES\u00ae<\/b> sont disponibles sous forme de 3 bandes de 10 cm.<\/p>\n<p>Que vous pouvez couper \u00e0 la longueur souhait\u00e9e.<\/p>\n<p>Un <b>DIGITUBE<sup>\u00ae<\/sup><\/b> de seulement 1,5 cm prot\u00e8ge en moyenne un cor <b>pendant 10 jours<\/b>!<\/p>\n<p>L\u2019\u00e9lasticit\u00e9 et la <b>douceur <\/b>du tissu s\u00e9lectionn\u00e9 contribuent au confort des <b>Digitubes<sup>\u00ae<\/sup><\/b>.<\/p>\n<p>Les <b>DIGITUBES<sup>\u00ae<\/sup><\/b> sont<b> ultra-fins<\/b>, ce qui permet de les porter m\u00eame dans des chaussures \u00e9troites comme des escarpins. Autre avantage : ils sont <b>lavables <\/b>et <b>r\u00e9utilisables<\/b>. <b> <\/b>Offrant une solution \u00e0 la fois discr\u00e8te, efficace et \u00e9conomique.<\/p>\n","protected":false},"excerpt":{"rendered":"<p>D\u2019un cor ou d\u2019un \u0153il-de-perdrix (entre les orteils) ? Utilisez les EPITACT\u00ae DIGITUBES\u00ae ! Gr\u00e2ce au gel silicone EPITHELIUM\u2122 int\u00e9gr\u00e9, les Digitubes aident \u00e0 pr\u00e9venir les cors ainsi que les douleurs caus\u00e9es par les frottements et les pressions excessives. Con\u00e7us sans couture pour \u00e9viter toute irritation cutan\u00e9e, les DIGITUBES\u00ae sont disponibles sous forme de 3 [&hellip;]<\/p>\n","protected":false},"featured_media":59525,"comment_status":"open","ping_status":"closed","template":"","meta":{"_acf_changed":false},"product_brand":[],"product_cat":[5049,5048,5271,6265,4755,4999],"product_tag":[],"class_list":{"0":"post-59526","1":"product","2":"type-product","3":"status-publish","4":"has-post-thumbnail","6":"product_cat-anti-pression","7":"product_cat-antipression-orthese","8":"product_cat-cors-au-pieds","9":"product_cat-anti-pression-epitact","10":"product_cat-pedicure","11":"product_cat-soins-specifique-pieds","12":"pa_maat-large","13":"pa_maat-medium","14":"pa_maat-small","16":"first","17":"instock","18":"taxable","19":"shipping-taxable","20":"product-type-variable"},"acf":[],"_links":{"self":[{"href":"https:\/\/sundar.be\/fr\/wp-json\/wp\/v2\/product\/59526","targetHints":{"allow":["GET"]}}],"collection":[{"href":"https:\/\/sundar.be\/fr\/wp-json\/wp\/v2\/product"}],"about":[{"href":"https:\/\/sundar.be\/fr\/wp-json\/wp\/v2\/types\/product"}],"replies":[{"embeddable":true,"href":"https:\/\/sundar.be\/fr\/wp-json\/wp\/v2\/comments?post=59526"}],"wp:featuredmedia":[{"embeddable":true,"href":"https:\/\/sundar.be\/fr\/wp-json\/wp\/v2\/media\/59525"}],"wp:attachment":[{"href":"https:\/\/sundar.be\/fr\/wp-json\/wp\/v2\/media?parent=59526"}],"wp:term":[{"taxonomy":"product_brand","embeddable":true,"href":"https:\/\/sundar.be\/fr\/wp-json\/wp\/v2\/product_brand?post=59526"},{"taxonomy":"product_cat","embeddable":true,"href":"https:\/\/sundar.be\/fr\/wp-json\/wp\/v2\/product_cat?post=59526"},{"taxonomy":"product_tag","embeddable":true,"href":"https:\/\/sundar.be\/fr\/wp-json\/wp\/v2\/product_tag?post=59526"}],"curies":[{"name":"wp","href":"https:\/\/api.w.org\/{rel}","templated":true}]}}