{"id":59521,"date":"2026-03-17T08:44:19","date_gmt":"2026-03-17T07:44:19","guid":{"rendered":"https:\/\/sundar.be\/product\/epitact-coussin-plantaire-double-protection-1-paire\/"},"modified":"2026-03-19T08:13:53","modified_gmt":"2026-03-19T07:13:53","slug":"epitact-coussin-plantaire-double-protection-1-paire","status":"publish","type":"product","link":"https:\/\/sundar.be\/fr\/produit\/epitact-coussin-plantaire-double-protection-1-paire\/","title":{"rendered":"Epitact Coussin Plantaire Double Protection, 1 paire"},"content":{"rendered":"<p>Un hallux valgus s\u2019accompagne-t-il chez vous de douleurs sous le pied ? Cela n\u2019a rien d\u2019\u00e9tonnant : lorsque la d\u00e9formation est importante,  <strong>le gros orteil ne peut plus assurer son r\u00f4le de soutien. La pression se r\u00e9partit alors sur l\u2019avant-pied, au niveau du 2e et du 3e orteil.  <\/strong>Cette surcharge peut entra\u00eener la formation de callosit\u00e9s et rendre la marche douloureuse.<strong> <\/strong>Il est donc essentiel de <strong>prot\u00e9ger l\u2019oignon et de mieux r\u00e9partir la pression sous le pied<\/strong>. Les coussinets \u00e0 double protection apportent une solution efficace.<\/p>\n<p>Ces coussinets combinent une <strong>protection plantaire<\/strong> contre les callosit\u00e9s gr\u00e2ce \u00e0 un gel EPITHELIUM 26<sup>\u00ae<\/sup> ultrafin (2 mm), et une <strong>protection hallux valgus<\/strong> avec un gel fin de 1 mm<\/p>\n<p>Discrets et peu encombrants, ils ne corrigent pas la d\u00e9formation mais <strong>prot\u00e8gent efficacement les zones sensibles aux frottements<\/strong>.<\/p>\n","protected":false},"excerpt":{"rendered":"<p>Un hallux valgus s\u2019accompagne-t-il chez vous de douleurs sous le pied ? Cela n\u2019a rien d\u2019\u00e9tonnant : lorsque la d\u00e9formation est importante, le gros orteil ne peut plus assurer son r\u00f4le de soutien. La pression se r\u00e9partit alors sur l\u2019avant-pied, au niveau du 2e et du 3e orteil. Cette surcharge peut entra\u00eener la formation de [&hellip;]<\/p>\n","protected":false},"featured_media":59520,"comment_status":"open","ping_status":"closed","template":"","meta":{"_acf_changed":false},"product_brand":[],"product_cat":[5049,5048,6265,5272,4755,4999],"product_tag":[],"class_list":{"0":"post-59521","1":"product","2":"type-product","3":"status-publish","4":"has-post-thumbnail","6":"product_cat-anti-pression","7":"product_cat-antipression-orthese","8":"product_cat-anti-pression-epitact","9":"product_cat-hallux-valgus","10":"product_cat-pedicure","11":"product_cat-soins-specifique-pieds","12":"pa_maat-large-42-45","13":"pa_maat-medium-39-41","14":"pa_maat-small-36-38","16":"first","17":"instock","18":"taxable","19":"shipping-taxable","20":"product-type-variable"},"acf":[],"_links":{"self":[{"href":"https:\/\/sundar.be\/fr\/wp-json\/wp\/v2\/product\/59521","targetHints":{"allow":["GET"]}}],"collection":[{"href":"https:\/\/sundar.be\/fr\/wp-json\/wp\/v2\/product"}],"about":[{"href":"https:\/\/sundar.be\/fr\/wp-json\/wp\/v2\/types\/product"}],"replies":[{"embeddable":true,"href":"https:\/\/sundar.be\/fr\/wp-json\/wp\/v2\/comments?post=59521"}],"wp:featuredmedia":[{"embeddable":true,"href":"https:\/\/sundar.be\/fr\/wp-json\/wp\/v2\/media\/59520"}],"wp:attachment":[{"href":"https:\/\/sundar.be\/fr\/wp-json\/wp\/v2\/media?parent=59521"}],"wp:term":[{"taxonomy":"product_brand","embeddable":true,"href":"https:\/\/sundar.be\/fr\/wp-json\/wp\/v2\/product_brand?post=59521"},{"taxonomy":"product_cat","embeddable":true,"href":"https:\/\/sundar.be\/fr\/wp-json\/wp\/v2\/product_cat?post=59521"},{"taxonomy":"product_tag","embeddable":true,"href":"https:\/\/sundar.be\/fr\/wp-json\/wp\/v2\/product_tag?post=59521"}],"curies":[{"name":"wp","href":"https:\/\/api.w.org\/{rel}","templated":true}]}}