{"id":59519,"date":"2026-03-17T09:05:44","date_gmt":"2026-03-17T08:05:44","guid":{"rendered":"https:\/\/sundar.be\/product\/pedibaehr-protection-dorteils-avec-coussinet-en-gel-polymere-m-6-pieces\/"},"modified":"2026-03-19T08:10:22","modified_gmt":"2026-03-19T07:10:22","slug":"pedibaehr-protection-dorteils-avec-coussinet-en-gel-polymere-m-6-pieces","status":"publish","type":"product","link":"https:\/\/sundar.be\/fr\/produit\/pedibaehr-protection-dorteils-avec-coussinet-en-gel-polymere-m-6-pieces\/","title":{"rendered":"PEDIBAEHR Protection d\u2019orteils avec coussinet en gel polym\u00e8re M, 6 pi\u00e8ces"},"content":{"rendered":"<p>Pression et frottements inconfortables au niveau des orteils ? Les \u00e9l\u00e9ments pr\u00e9form\u00e9s en gel polym\u00e8re se distinguent par une adaptation parfaite au pied. Le tissu textile extr\u00eamement extensible avec \u00e9l\u00e9ments en gel polym\u00e8re int\u00e9gr\u00e9s est de couleur chair et peut \u00eatre port\u00e9 discr\u00e8tement \u2013 m\u00eame avec des chaussures ouvertes.  <\/p>\n","protected":false},"excerpt":{"rendered":"<p>Pression et frottements inconfortables au niveau des orteils ? Les \u00e9l\u00e9ments pr\u00e9form\u00e9s en gel polym\u00e8re se distinguent par une adaptation parfaite au pied. Le tissu textile extr\u00eamement extensible avec \u00e9l\u00e9ments en gel polym\u00e8re int\u00e9gr\u00e9s est de couleur chair et peut \u00eatre port\u00e9 discr\u00e8tement \u2013 m\u00eame avec des chaussures ouvertes.<\/p>\n","protected":false},"featured_media":59518,"comment_status":"open","ping_status":"closed","template":"","meta":{"_acf_changed":false},"product_brand":[],"product_cat":[5048,5271,6279,4755,4999],"product_tag":[],"class_list":{"0":"post-59519","1":"product","2":"type-product","3":"status-publish","4":"has-post-thumbnail","6":"product_cat-antipression-orthese","7":"product_cat-cors-au-pieds","8":"product_cat-anti-pression-pedibaehr","9":"product_cat-pedicure","10":"product_cat-soins-specifique-pieds","12":"first","13":"instock","14":"taxable","15":"shipping-taxable","16":"product-type-simple"},"acf":[],"_links":{"self":[{"href":"https:\/\/sundar.be\/fr\/wp-json\/wp\/v2\/product\/59519","targetHints":{"allow":["GET"]}}],"collection":[{"href":"https:\/\/sundar.be\/fr\/wp-json\/wp\/v2\/product"}],"about":[{"href":"https:\/\/sundar.be\/fr\/wp-json\/wp\/v2\/types\/product"}],"replies":[{"embeddable":true,"href":"https:\/\/sundar.be\/fr\/wp-json\/wp\/v2\/comments?post=59519"}],"wp:featuredmedia":[{"embeddable":true,"href":"https:\/\/sundar.be\/fr\/wp-json\/wp\/v2\/media\/59518"}],"wp:attachment":[{"href":"https:\/\/sundar.be\/fr\/wp-json\/wp\/v2\/media?parent=59519"}],"wp:term":[{"taxonomy":"product_brand","embeddable":true,"href":"https:\/\/sundar.be\/fr\/wp-json\/wp\/v2\/product_brand?post=59519"},{"taxonomy":"product_cat","embeddable":true,"href":"https:\/\/sundar.be\/fr\/wp-json\/wp\/v2\/product_cat?post=59519"},{"taxonomy":"product_tag","embeddable":true,"href":"https:\/\/sundar.be\/fr\/wp-json\/wp\/v2\/product_tag?post=59519"}],"curies":[{"name":"wp","href":"https:\/\/api.w.org\/{rel}","templated":true}]}}